{"id":640,"date":"2020-03-12T11:43:55","date_gmt":"2020-03-12T09:43:55","guid":{"rendered":"https:\/\/priit.veebikoda.com\/palokatkot\/"},"modified":"2020-04-03T10:24:16","modified_gmt":"2020-04-03T07:24:16","slug":"palokatkot","status":"publish","type":"page","link":"https:\/\/fireoff.ee\/fi\/palokatkot\/","title":{"rendered":"Palokatkot"},"content":{"rendered":"\t\t<div data-elementor-type=\"wp-page\" data-elementor-id=\"640\" class=\"elementor elementor-640 elementor-96\">\n\t\t\t\t\t\t<section class=\"elementor-section elementor-top-section elementor-element elementor-element-c96a4cb elementor-section-boxed elementor-section-height-default elementor-section-height-default\" data-id=\"c96a4cb\" data-element_type=\"section\">\n\t\t\t\t\t\t<div class=\"elementor-container elementor-column-gap-default\">\n\t\t\t\t\t<div class=\"elementor-column elementor-col-100 elementor-top-column elementor-element elementor-element-2c93345b\" data-id=\"2c93345b\" data-element_type=\"column\">\n\t\t\t<div class=\"elementor-widget-wrap elementor-element-populated\">\n\t\t\t\t\t\t<div class=\"elementor-element elementor-element-182bdc0c elementor-widget elementor-widget-shortcode\" data-id=\"182bdc0c\" data-element_type=\"widget\" id=\"breadcrumb\" data-widget_type=\"shortcode.default\">\n\t\t\t\t<div class=\"elementor-widget-container\">\n\t\t\t\t\t\t\t<div class=\"elementor-shortcode\"><nav aria-label=\"breadcrumbs\" class=\"rank-math-breadcrumb\"><p><span class=\"last\">Home<\/span><\/p><\/nav><\/div>\n\t\t\t\t\t\t<\/div>\n\t\t\t\t<\/div>\n\t\t\t\t\t<\/div>\n\t\t<\/div>\n\t\t\t\t\t<\/div>\n\t\t<\/section>\n\t\t\t\t<section class=\"elementor-section elementor-top-section elementor-element elementor-element-3d4d02e7 elementor-section-boxed elementor-section-height-default elementor-section-height-default\" data-id=\"3d4d02e7\" data-element_type=\"section\">\n\t\t\t\t\t\t<div class=\"elementor-container elementor-column-gap-extended\">\n\t\t\t\t\t<div class=\"elementor-column elementor-col-66 elementor-top-column elementor-element elementor-element-39e617b8\" data-id=\"39e617b8\" data-element_type=\"column\">\n\t\t\t<div class=\"elementor-widget-wrap elementor-element-populated\">\n\t\t\t\t\t\t<div class=\"elementor-element elementor-element-abb58eb elementor-widget elementor-widget-heading\" data-id=\"abb58eb\" data-element_type=\"widget\" data-widget_type=\"heading.default\">\n\t\t\t\t<div class=\"elementor-widget-container\">\n\t\t\t\t\t<h1 class=\"elementor-heading-title elementor-size-default\">Palokatkolla turvaat rakennuksen ja ihmiset<\/h1>\t\t\t\t<\/div>\n\t\t\t\t<\/div>\n\t\t\t\t<div class=\"elementor-element elementor-element-60e7aa4d elementor-widget elementor-widget-text-editor\" data-id=\"60e7aa4d\" data-element_type=\"widget\" data-widget_type=\"text-editor.default\">\n\t\t\t\t<div class=\"elementor-widget-container\">\n\t\t\t\t\t\t\t\t\t<p>Rakennuksen turvallisuus on monen osatekij\u00e4n summa ja yksi t\u00e4rkeimmist\u00e4 osasista ovat palokatkot. Oikein toteutettuina ne antavat palontorjuntaan lis\u00e4\u00e4 aikaa, s\u00e4\u00e4st\u00e4v\u00e4t ihmishenki\u00e4 ja pienent\u00e4v\u00e4t omaisuusvahinkoja. Palokatkot est\u00e4v\u00e4t tulen, l\u00e4mm\u00f6n, savun ja muiden myrkyllisten kaasujen levi\u00e4misen rakennuksessa.<\/p>\n<p>Fireoff OY tarjoaa kattavasti palokatkopalveluja. Toimimme Lohjalta k\u00e4sin koko Viron ja Suomen alueella.<\/p>\n<p>Ota yhteytt\u00e4 ja pyyd\u00e4 tarjous!<\/p>\n<p><img decoding=\"async\" id=\"floatBarImgId\" style=\"display: none; opacity: 0; position: absolute; z-index: 2147483647;\" src=\"chrome-extension:\/\/dbkmjjclgbiooljcegcddagnddjedmed\/pics\/save2-32.png\" \/><\/p>\n\t\t\t\t\t\t\t\t<\/div>\n\t\t\t\t<\/div>\n\t\t\t\t\t<\/div>\n\t\t<\/div>\n\t\t\t\t<div class=\"elementor-column elementor-col-33 elementor-top-column elementor-element elementor-element-255e8cc1\" data-id=\"255e8cc1\" data-element_type=\"column\">\n\t\t\t<div class=\"elementor-widget-wrap elementor-element-populated\">\n\t\t\t\t\t\t<div class=\"elementor-element elementor-element-7d45282d elementor-widget elementor-widget-image\" data-id=\"7d45282d\" data-element_type=\"widget\" data-widget_type=\"image.default\">\n\t\t\t\t<div class=\"elementor-widget-container\">\n\t\t\t\t\t\t\t\t\t\t\t\t\t\t\t<img fetchpriority=\"high\" decoding=\"async\" width=\"1000\" height=\"452\" src=\"https:\/\/fireoff.ee\/wp-content\/uploads\/2020\/03\/kaapelihyllyn-palosuojaus.jpg\" class=\"attachment-full size-full wp-image-652\" alt=\"Palokatkot\" srcset=\"https:\/\/fireoff.ee\/wp-content\/uploads\/2020\/03\/kaapelihyllyn-palosuojaus.jpg 1000w, https:\/\/fireoff.ee\/wp-content\/uploads\/2020\/03\/kaapelihyllyn-palosuojaus-300x136.jpg 300w, https:\/\/fireoff.ee\/wp-content\/uploads\/2020\/03\/kaapelihyllyn-palosuojaus-768x347.jpg 768w\" sizes=\"(max-width: 1000px) 100vw, 1000px\" \/>\t\t\t\t\t\t\t\t\t\t\t\t\t\t\t<\/div>\n\t\t\t\t<\/div>\n\t\t\t\t\t<\/div>\n\t\t<\/div>\n\t\t\t\t\t<\/div>\n\t\t<\/section>\n\t\t\t\t<section class=\"elementor-section elementor-top-section elementor-element elementor-element-2f4adbb3 elementor-section-boxed elementor-section-height-default elementor-section-height-default\" data-id=\"2f4adbb3\" data-element_type=\"section\" data-settings=\"{&quot;background_background&quot;:&quot;classic&quot;}\">\n\t\t\t\t\t\t\t<div class=\"elementor-background-overlay\"><\/div>\n\t\t\t\t\t\t\t<div class=\"elementor-container elementor-column-gap-wide\">\n\t\t\t\t\t<div class=\"elementor-column elementor-col-33 elementor-top-column elementor-element elementor-element-2c9ad296\" data-id=\"2c9ad296\" data-element_type=\"column\">\n\t\t\t<div class=\"elementor-widget-wrap elementor-element-populated\">\n\t\t\t\t\t\t<div class=\"elementor-element elementor-element-624c496f elementor-widget elementor-widget-heading\" data-id=\"624c496f\" data-element_type=\"widget\" data-widget_type=\"heading.default\">\n\t\t\t\t<div class=\"elementor-widget-container\">\n\t\t\t\t\t<h3 class=\"elementor-heading-title elementor-size-default\">Monipuoliset palokatkopalvelut<\/h3>\t\t\t\t<\/div>\n\t\t\t\t<\/div>\n\t\t\t\t<div class=\"elementor-element elementor-element-6d3fef93 elementor-widget elementor-widget-button\" data-id=\"6d3fef93\" data-element_type=\"widget\" data-widget_type=\"button.default\">\n\t\t\t\t<div class=\"elementor-widget-container\">\n\t\t\t\t\t\t\t\t\t<div class=\"elementor-button-wrapper\">\n\t\t\t\t\t<a class=\"elementor-button elementor-button-link elementor-size-md elementor-animation-grow\" href=\"https:\/\/fireoff.ee\/fi\/yhteystiedot\/\">\n\t\t\t\t\t\t<span class=\"elementor-button-content-wrapper\">\n\t\t\t\t\t\t<span class=\"elementor-button-icon\">\n\t\t\t\t<i aria-hidden=\"true\" class=\"fas fa-arrow-alt-circle-right\"><\/i>\t\t\t<\/span>\n\t\t\t\t\t\t\t\t\t<span class=\"elementor-button-text\">Soita meille<\/span>\n\t\t\t\t\t<\/span>\n\t\t\t\t\t<\/a>\n\t\t\t\t<\/div>\n\t\t\t\t\t\t\t\t<\/div>\n\t\t\t\t<\/div>\n\t\t\t\t\t<\/div>\n\t\t<\/div>\n\t\t\t\t<div class=\"elementor-column elementor-col-66 elementor-top-column elementor-element elementor-element-4dfa826b\" data-id=\"4dfa826b\" data-element_type=\"column\">\n\t\t\t<div class=\"elementor-widget-wrap elementor-element-populated\">\n\t\t\t\t\t\t<div class=\"elementor-element elementor-element-5abcb9e3 elementor-widget elementor-widget-text-editor\" data-id=\"5abcb9e3\" data-element_type=\"widget\" data-widget_type=\"text-editor.default\">\n\t\t\t\t<div class=\"elementor-widget-container\">\n\t\t\t\t\t\t\t\t\t<ul>\n<li>Palokatkojen asennukset<\/li>\n<li>\u00c4\u00e4ni- ja p\u00f6lykatkojen asennukset<\/li>\n<li>Palo-, \u00e4\u00e4ni- ja p\u00f6lysaumaukset<\/li>\n<li>Modulaariset l\u00e4pivientitiivisteet<\/li>\n<li>CE-merkityt varausj\u00e4rjestelm\u00e4t<\/li>\n<li>V\u00e4liaikaiset palokatkot (my\u00f6s vuokraus)<\/li>\n<li>Erikoisratkaisut palokatkoihin<\/li>\n<\/ul>\n<p><img decoding=\"async\" id=\"floatBarImgId\" style=\"display: none; opacity: 0; position: absolute; z-index: 2147483647;\" src=\"chrome-extension:\/\/dbkmjjclgbiooljcegcddagnddjedmed\/pics\/save2-32.png\" \/><\/p>\n\t\t\t\t\t\t\t\t<\/div>\n\t\t\t\t<\/div>\n\t\t\t\t\t<\/div>\n\t\t<\/div>\n\t\t\t\t\t<\/div>\n\t\t<\/section>\n\t\t\t\t<section class=\"elementor-section elementor-top-section elementor-element elementor-element-afa234d elementor-section-boxed elementor-section-height-default elementor-section-height-default\" data-id=\"afa234d\" data-element_type=\"section\">\n\t\t\t\t\t\t<div class=\"elementor-container elementor-column-gap-wide\">\n\t\t\t\t\t<div class=\"elementor-column elementor-col-50 elementor-top-column elementor-element elementor-element-dce5b68\" data-id=\"dce5b68\" data-element_type=\"column\">\n\t\t\t<div class=\"elementor-widget-wrap elementor-element-populated\">\n\t\t\t\t\t\t<div class=\"elementor-element elementor-element-8dd9075 elementor-widget elementor-widget-heading\" data-id=\"8dd9075\" data-element_type=\"widget\" data-widget_type=\"heading.default\">\n\t\t\t\t<div class=\"elementor-widget-container\">\n\t\t\t\t\t<h2 class=\"elementor-heading-title elementor-size-default\">Palokatkoissa suunnittelu ratkaisee<\/h2>\t\t\t\t<\/div>\n\t\t\t\t<\/div>\n\t\t\t\t<div class=\"elementor-element elementor-element-e95119f elementor-widget elementor-widget-text-editor\" data-id=\"e95119f\" data-element_type=\"widget\" data-widget_type=\"text-editor.default\">\n\t\t\t\t<div class=\"elementor-widget-container\">\n\t\t\t\t\t\t\t\t\t<p>Palokatkon toteuttaminen pohjaa huolelliseen suunnitteluun. Toimivan ja luotettavan palokatkon suunnitteleminen vaatii rakennuksen kokonaisvaltaista tuntemusta. Vain n\u00e4in pystyt\u00e4\u00e4n varmistamaan palokatko, joka todella est\u00e4\u00e4 tulen levi\u00e4misen osastojen v\u00e4lill\u00e4 ja minimoi vahingot.<\/p>\n<p>Ongelmakohtia ovat monesti erilaiset osastojen v\u00e4liset l\u00e4piviennit. N\u00e4m\u00e4 vaativatkin usein r\u00e4\u00e4t\u00e4l\u00f6ityj\u00e4 ratkaisuja, joiden toimivuus varmistetaan jo suunnitteluvaiheessa. Fireoff Oy:lt\u00e4 saat my\u00f6s kokonaisvaltaiset palokatkosuunnittelupalvelut.<\/p>\n<p><img decoding=\"async\" id=\"floatBarImgId\" style=\"display: none; opacity: 0; position: absolute; z-index: 2147483647;\" src=\"chrome-extension:\/\/dbkmjjclgbiooljcegcddagnddjedmed\/pics\/save2-32.png\" \/><\/p>\n\t\t\t\t\t\t\t\t<\/div>\n\t\t\t\t<\/div>\n\t\t\t\t\t<\/div>\n\t\t<\/div>\n\t\t\t\t<div class=\"elementor-column elementor-col-50 elementor-top-column elementor-element elementor-element-cd2a517\" data-id=\"cd2a517\" data-element_type=\"column\">\n\t\t\t<div class=\"elementor-widget-wrap elementor-element-populated\">\n\t\t\t\t\t\t<div class=\"elementor-element elementor-element-51ecd66 elementor-widget elementor-widget-heading\" data-id=\"51ecd66\" data-element_type=\"widget\" data-widget_type=\"heading.default\">\n\t\t\t\t<div class=\"elementor-widget-container\">\n\t\t\t\t\t<h2 class=\"elementor-heading-title elementor-size-default\">Sertifioidut tuotteet ja ty\u00f6menetelm\u00e4t<\/h2>\t\t\t\t<\/div>\n\t\t\t\t<\/div>\n\t\t\t\t<div class=\"elementor-element elementor-element-7f744f4 elementor-widget elementor-widget-text-editor\" data-id=\"7f744f4\" data-element_type=\"widget\" data-widget_type=\"text-editor.default\">\n\t\t\t\t<div class=\"elementor-widget-container\">\n\t\t\t\t\t\t\t\t\t<p>Turvallisuudesta ei pid\u00e4 milloinkaan tinki\u00e4 ja siksi k\u00e4yt\u00e4mmekin vain sertifioituja tuotteita ja ty\u00f6menetelmi\u00e4 palokatkoratkaisuissamme. Laadukas ja turvallinen lopputulos syntyy vain tuotevalmistajan ohjeita noudattamalla ja huolellisella ty\u00f6ll\u00e4. Fireoff Oy:n asennukset suoritetaan aina asianmukaisesti ammattilaisten toimesta.<\/p>\n<p>Ty\u00f6ntekij\u00f6idemme osaamista p\u00e4ivitet\u00e4\u00e4n jatkuvasti, jotta voimme varmistaa kohteessasi k\u00e4ytett\u00e4v\u00e4n vain uusimpia ja tehokkaimpia ty\u00f6menetelmi\u00e4. K\u00e4yt\u00e4mme ainoastaan CE-hyv\u00e4ksyttyj\u00e4 palokatkotuotteita. Dokumentoimme palokatkot ty\u00f6naikaisesti valokuvaamalla ja merkitsemme niiden sijainnit rakennuksen pohjakuvaan. Dokumentointiin voidaan lis\u00e4t\u00e4 projektikohtaisesti monia eri tietoja.<\/p>\n<p>Turvallisuutesi on meille p\u00e4\u00e4asia!<\/p>\n<p><img decoding=\"async\" id=\"floatBarImgId\" style=\"display: none; opacity: 0; position: absolute; z-index: 2147483647;\" src=\"chrome-extension:\/\/dbkmjjclgbiooljcegcddagnddjedmed\/pics\/save2-32.png\" \/><\/p>\n\t\t\t\t\t\t\t\t<\/div>\n\t\t\t\t<\/div>\n\t\t\t\t\t<\/div>\n\t\t<\/div>\n\t\t\t\t\t<\/div>\n\t\t<\/section>\n\t\t\t\t<section class=\"elementor-section elementor-top-section elementor-element elementor-element-eed8ff9 elementor-section-boxed elementor-section-height-default elementor-section-height-default\" data-id=\"eed8ff9\" data-element_type=\"section\">\n\t\t\t\t\t\t<div class=\"elementor-container elementor-column-gap-default\">\n\t\t\t\t\t<div class=\"elementor-column elementor-col-100 elementor-top-column elementor-element elementor-element-a8beaa6\" data-id=\"a8beaa6\" data-element_type=\"column\">\n\t\t\t<div class=\"elementor-widget-wrap elementor-element-populated\">\n\t\t\t\t\t\t<div class=\"elementor-element elementor-element-7783646 elementor-widget elementor-widget-gallery\" data-id=\"7783646\" data-element_type=\"widget\" data-widget_type=\"gallery.default\">\n\t\t\t\t<div class=\"elementor-widget-container\">\n\t\t\t\t\t \t\t\t\t<\/div>\n\t\t\t\t<\/div>\n\t\t\t\t\t<\/div>\n\t\t<\/div>\n\t\t\t\t\t<\/div>\n\t\t<\/section>\n\t\t\t\t<\/div>\n\t\t","protected":false},"excerpt":{"rendered":"<p>Palokatkolla turvaat rakennuksen ja ihmiset Rakennuksen turvallisuus on monen osatekij\u00e4n summa ja yksi t\u00e4rkeimmist\u00e4 osasista ovat palokatkot. Oikein toteutettuina ne antavat palontorjuntaan lis\u00e4\u00e4 aikaa, s\u00e4\u00e4st\u00e4v\u00e4t [&hellip;]<\/p>\n","protected":false},"author":1,"featured_media":0,"parent":0,"menu_order":0,"comment_status":"closed","ping_status":"closed","template":"","meta":{"site-sidebar-layout":"default","site-content-layout":"page-builder","ast-site-content-layout":"default","site-content-style":"default","site-sidebar-style":"default","ast-global-header-display":"","ast-banner-title-visibility":"","ast-main-header-display":"","ast-hfb-above-header-display":"","ast-hfb-below-header-display":"","ast-hfb-mobile-header-display":"","site-post-title":"disabled","ast-breadcrumbs-content":"","ast-featured-img":"","footer-sml-layout":"","theme-transparent-header-meta":"default","adv-header-id-meta":"","stick-header-meta":"default","header-above-stick-meta":"","header-main-stick-meta":"","header-below-stick-meta":"","astra-migrate-meta-layouts":"default","ast-page-background-enabled":"default","ast-page-background-meta":{"desktop":{"background-color":"var(--ast-global-color-4)","background-image":"","background-repeat":"repeat","background-position":"center center","background-size":"auto","background-attachment":"scroll","background-type":"","background-media":"","overlay-type":"","overlay-color":"","overlay-opacity":"","overlay-gradient":""},"tablet":{"background-color":"","background-image":"","background-repeat":"repeat","background-position":"center center","background-size":"auto","background-attachment":"scroll","background-type":"","background-media":"","overlay-type":"","overlay-color":"","overlay-opacity":"","overlay-gradient":""},"mobile":{"background-color":"","background-image":"","background-repeat":"repeat","background-position":"center center","background-size":"auto","background-attachment":"scroll","background-type":"","background-media":"","overlay-type":"","overlay-color":"","overlay-opacity":"","overlay-gradient":""}},"ast-content-background-meta":{"desktop":{"background-color":"var(--ast-global-color-5)","background-image":"","background-repeat":"repeat","background-position":"center center","background-size":"auto","background-attachment":"scroll","background-type":"","background-media":"","overlay-type":"","overlay-color":"","overlay-opacity":"","overlay-gradient":""},"tablet":{"background-color":"var(--ast-global-color-5)","background-image":"","background-repeat":"repeat","background-position":"center center","background-size":"auto","background-attachment":"scroll","background-type":"","background-media":"","overlay-type":"","overlay-color":"","overlay-opacity":"","overlay-gradient":""},"mobile":{"background-color":"var(--ast-global-color-5)","background-image":"","background-repeat":"repeat","background-position":"center center","background-size":"auto","background-attachment":"scroll","background-type":"","background-media":"","overlay-type":"","overlay-color":"","overlay-opacity":"","overlay-gradient":""}},"footnotes":""},"class_list":["post-640","page","type-page","status-publish","hentry"],"_links":{"self":[{"href":"https:\/\/fireoff.ee\/fi\/wp-json\/wp\/v2\/pages\/640","targetHints":{"allow":["GET"]}}],"collection":[{"href":"https:\/\/fireoff.ee\/fi\/wp-json\/wp\/v2\/pages"}],"about":[{"href":"https:\/\/fireoff.ee\/fi\/wp-json\/wp\/v2\/types\/page"}],"author":[{"embeddable":true,"href":"https:\/\/fireoff.ee\/fi\/wp-json\/wp\/v2\/users\/1"}],"replies":[{"embeddable":true,"href":"https:\/\/fireoff.ee\/fi\/wp-json\/wp\/v2\/comments?post=640"}],"version-history":[{"count":5,"href":"https:\/\/fireoff.ee\/fi\/wp-json\/wp\/v2\/pages\/640\/revisions"}],"predecessor-version":[{"id":947,"href":"https:\/\/fireoff.ee\/fi\/wp-json\/wp\/v2\/pages\/640\/revisions\/947"}],"wp:attachment":[{"href":"https:\/\/fireoff.ee\/fi\/wp-json\/wp\/v2\/media?parent=640"}],"curies":[{"name":"wp","href":"https:\/\/api.w.org\/{rel}","templated":true}]}}