{"id":668,"date":"2020-03-12T11:46:00","date_gmt":"2020-03-12T09:46:00","guid":{"rendered":"https:\/\/priit.veebikoda.com\/palosuojaus\/"},"modified":"2020-04-03T10:24:39","modified_gmt":"2020-04-03T07:24:39","slug":"palosuojaus","status":"publish","type":"page","link":"https:\/\/fireoff.ee\/fi\/palosuojaus\/","title":{"rendered":"Palosuojaus"},"content":{"rendered":"\t\t<div data-elementor-type=\"wp-page\" data-elementor-id=\"668\" class=\"elementor elementor-668 elementor-100\">\n\t\t\t\t\t\t<section class=\"elementor-section elementor-top-section elementor-element elementor-element-382ec6d elementor-section-boxed elementor-section-height-default elementor-section-height-default\" data-id=\"382ec6d\" data-element_type=\"section\">\n\t\t\t\t\t\t<div class=\"elementor-container elementor-column-gap-default\">\n\t\t\t\t\t<div class=\"elementor-column elementor-col-100 elementor-top-column elementor-element elementor-element-59820567\" data-id=\"59820567\" data-element_type=\"column\">\n\t\t\t<div class=\"elementor-widget-wrap elementor-element-populated\">\n\t\t\t\t\t\t<div class=\"elementor-element elementor-element-41b40e9b elementor-widget elementor-widget-shortcode\" data-id=\"41b40e9b\" data-element_type=\"widget\" id=\"breadcrumb\" data-widget_type=\"shortcode.default\">\n\t\t\t\t<div class=\"elementor-widget-container\">\n\t\t\t\t\t\t\t<div class=\"elementor-shortcode\"><nav aria-label=\"breadcrumbs\" class=\"rank-math-breadcrumb\"><p><span class=\"last\">Home<\/span><\/p><\/nav><\/div>\n\t\t\t\t\t\t<\/div>\n\t\t\t\t<\/div>\n\t\t\t\t\t<\/div>\n\t\t<\/div>\n\t\t\t\t\t<\/div>\n\t\t<\/section>\n\t\t\t\t<section class=\"elementor-section elementor-top-section elementor-element elementor-element-5cc43a49 elementor-section-boxed elementor-section-height-default elementor-section-height-default\" data-id=\"5cc43a49\" data-element_type=\"section\">\n\t\t\t\t\t\t<div class=\"elementor-container elementor-column-gap-extended\">\n\t\t\t\t\t<div class=\"elementor-column elementor-col-66 elementor-top-column elementor-element elementor-element-66d433a\" data-id=\"66d433a\" data-element_type=\"column\">\n\t\t\t<div class=\"elementor-widget-wrap elementor-element-populated\">\n\t\t\t\t\t\t<div class=\"elementor-element elementor-element-69a6cc04 elementor-widget elementor-widget-heading\" data-id=\"69a6cc04\" data-element_type=\"widget\" data-widget_type=\"heading.default\">\n\t\t\t\t<div class=\"elementor-widget-container\">\n\t\t\t\t\t<h1 class=\"elementor-heading-title elementor-size-default\">Palosuojaus suojaa kiinteist\u00f6\u00e4si ja omaisuuttasi<\/h1>\t\t\t\t<\/div>\n\t\t\t\t<\/div>\n\t\t\t\t<div class=\"elementor-element elementor-element-3c52a2f7 elementor-widget elementor-widget-text-editor\" data-id=\"3c52a2f7\" data-element_type=\"widget\" data-widget_type=\"text-editor.default\">\n\t\t\t\t<div class=\"elementor-widget-container\">\n\t\t\t\t\t\t\t\t\t<p>Palosuojauksella voidaan tehokkaasti lis\u00e4t\u00e4 rakenteiden kest\u00e4vyytt\u00e4 tulipalotilanteissa. Palosuojaus voidaan tehd\u00e4 niin kantaville ter\u00e4s-, betoni- kuin puumateriaaleille. Erilaisissa tiloissa ja pinnoilla voidaan palosuojaus tehd\u00e4 kaapeleille, kalusteille tai jopa tekstiileille.<\/p>\n<p>Teknisesti suojaukset toteutetaan maaleilla, kankailla tai erilaisilla levytyksill\u00e4. Tiettyjen materiaalien suojana on my\u00f6s mahdollista k\u00e4ytt\u00e4\u00e4 suojamassaa, joka est\u00e4\u00e4 sit\u00e4 syttym\u00e4st\u00e4 tuleen.<\/p>\n<p>Ota palosuojaus osaksi rakennuksesi suojaustoimenpiteit\u00e4 ja turvaa omaisuutesi!<\/p>\n<p><img decoding=\"async\" id=\"floatBarImgId\" style=\"display: none; opacity: 0; position: absolute; z-index: 2147483647;\" src=\"chrome-extension:\/\/dbkmjjclgbiooljcegcddagnddjedmed\/pics\/save2-32.png\" \/><\/p>\n\t\t\t\t\t\t\t\t<\/div>\n\t\t\t\t<\/div>\n\t\t\t\t\t<\/div>\n\t\t<\/div>\n\t\t\t\t<div class=\"elementor-column elementor-col-33 elementor-top-column elementor-element elementor-element-4902385e\" data-id=\"4902385e\" data-element_type=\"column\">\n\t\t\t<div class=\"elementor-widget-wrap elementor-element-populated\">\n\t\t\t\t\t\t<div class=\"elementor-element elementor-element-c104acd elementor-widget elementor-widget-image\" data-id=\"c104acd\" data-element_type=\"widget\" data-widget_type=\"image.default\">\n\t\t\t\t<div class=\"elementor-widget-container\">\n\t\t\t\t\t\t\t\t\t\t\t\t\t\t\t<img fetchpriority=\"high\" decoding=\"async\" width=\"500\" height=\"243\" src=\"https:\/\/fireoff.ee\/wp-content\/uploads\/2020\/04\/20200302-100648.jpg\" class=\"attachment-full size-full wp-image-860\" alt=\"Tulekaitse\" srcset=\"https:\/\/fireoff.ee\/wp-content\/uploads\/2020\/04\/20200302-100648.jpg 500w, https:\/\/fireoff.ee\/wp-content\/uploads\/2020\/04\/20200302-100648-300x146.jpg 300w\" sizes=\"(max-width: 500px) 100vw, 500px\" \/>\t\t\t\t\t\t\t\t\t\t\t\t\t\t\t<\/div>\n\t\t\t\t<\/div>\n\t\t\t\t\t<\/div>\n\t\t<\/div>\n\t\t\t\t\t<\/div>\n\t\t<\/section>\n\t\t\t\t<section class=\"elementor-section elementor-top-section elementor-element elementor-element-4f3ccbed elementor-section-boxed elementor-section-height-default elementor-section-height-default\" data-id=\"4f3ccbed\" data-element_type=\"section\" data-settings=\"{&quot;background_background&quot;:&quot;classic&quot;}\">\n\t\t\t\t\t\t\t<div class=\"elementor-background-overlay\"><\/div>\n\t\t\t\t\t\t\t<div class=\"elementor-container elementor-column-gap-wide\">\n\t\t\t\t\t<div class=\"elementor-column elementor-col-33 elementor-top-column elementor-element elementor-element-305a9c83\" data-id=\"305a9c83\" data-element_type=\"column\">\n\t\t\t<div class=\"elementor-widget-wrap elementor-element-populated\">\n\t\t\t\t\t\t<div class=\"elementor-element elementor-element-f442545 elementor-widget elementor-widget-heading\" data-id=\"f442545\" data-element_type=\"widget\" data-widget_type=\"heading.default\">\n\t\t\t\t<div class=\"elementor-widget-container\">\n\t\t\t\t\t<h3 class=\"elementor-heading-title elementor-size-default\">Palosuojauksen palvelumme<\/h3>\t\t\t\t<\/div>\n\t\t\t\t<\/div>\n\t\t\t\t<div class=\"elementor-element elementor-element-68d7babb elementor-widget elementor-widget-button\" data-id=\"68d7babb\" data-element_type=\"widget\" data-widget_type=\"button.default\">\n\t\t\t\t<div class=\"elementor-widget-container\">\n\t\t\t\t\t\t\t\t\t<div class=\"elementor-button-wrapper\">\n\t\t\t\t\t<a class=\"elementor-button elementor-button-link elementor-size-md elementor-animation-grow\" href=\"https:\/\/fireoff.ee\/fi\/yhteystiedot\/\">\n\t\t\t\t\t\t<span class=\"elementor-button-content-wrapper\">\n\t\t\t\t\t\t<span class=\"elementor-button-icon\">\n\t\t\t\t<i aria-hidden=\"true\" class=\"fas fa-arrow-alt-circle-right\"><\/i>\t\t\t<\/span>\n\t\t\t\t\t\t\t\t\t<span class=\"elementor-button-text\">Soita meille<\/span>\n\t\t\t\t\t<\/span>\n\t\t\t\t\t<\/a>\n\t\t\t\t<\/div>\n\t\t\t\t\t\t\t\t<\/div>\n\t\t\t\t<\/div>\n\t\t\t\t\t<\/div>\n\t\t<\/div>\n\t\t\t\t<div class=\"elementor-column elementor-col-66 elementor-top-column elementor-element elementor-element-6370344e\" data-id=\"6370344e\" data-element_type=\"column\">\n\t\t\t<div class=\"elementor-widget-wrap elementor-element-populated\">\n\t\t\t\t\t\t<div class=\"elementor-element elementor-element-16cd8e85 elementor-widget elementor-widget-text-editor\" data-id=\"16cd8e85\" data-element_type=\"widget\" data-widget_type=\"text-editor.default\">\n\t\t\t\t<div class=\"elementor-widget-container\">\n\t\t\t\t\t\t\t\t\t<ul>\n<li>kaapeleiden ja kaapelihyllyjen palosuojauskankaat, -levyj\u00e4rjestelm\u00e4t ja palosuojamaalaus<\/li>\n<li>ter\u00e4ksen, betonin, puun ja tekstiilien palosuojaus<\/li>\n<li>savusulut<\/li>\n<li>kaapeleiden ja kaapelihyllyjen palosuojaukset<\/li>\n<li>erilaiset levy-ratkaisut<\/li>\n<\/ul>\n<p><img decoding=\"async\" id=\"floatBarImgId\" style=\"display: none; opacity: 0; position: absolute; z-index: 2147483647;\" src=\"chrome-extension:\/\/dbkmjjclgbiooljcegcddagnddjedmed\/pics\/save2-32.png\" \/><\/p>\n\t\t\t\t\t\t\t\t<\/div>\n\t\t\t\t<\/div>\n\t\t\t\t\t<\/div>\n\t\t<\/div>\n\t\t\t\t\t<\/div>\n\t\t<\/section>\n\t\t\t\t<section class=\"elementor-section elementor-top-section elementor-element elementor-element-8242d34 elementor-section-boxed elementor-section-height-default elementor-section-height-default\" data-id=\"8242d34\" data-element_type=\"section\">\n\t\t\t\t\t\t<div class=\"elementor-container elementor-column-gap-wide\">\n\t\t\t\t\t<div class=\"elementor-column elementor-col-50 elementor-top-column elementor-element elementor-element-8aede48\" data-id=\"8aede48\" data-element_type=\"column\">\n\t\t\t<div class=\"elementor-widget-wrap elementor-element-populated\">\n\t\t\t\t\t\t<div class=\"elementor-element elementor-element-76c2b0f elementor-widget elementor-widget-heading\" data-id=\"76c2b0f\" data-element_type=\"widget\" data-widget_type=\"heading.default\">\n\t\t\t\t<div class=\"elementor-widget-container\">\n\t\t\t\t\t<h2 class=\"elementor-heading-title elementor-size-default\">Suunnitelmallisuudella s\u00e4\u00e4st\u00e4t rahaa<\/h2>\t\t\t\t<\/div>\n\t\t\t\t<\/div>\n\t\t\t\t<div class=\"elementor-element elementor-element-57d0115 elementor-widget elementor-widget-text-editor\" data-id=\"57d0115\" data-element_type=\"widget\" data-widget_type=\"text-editor.default\">\n\t\t\t\t<div class=\"elementor-widget-container\">\n\t\t\t\t\t\t\t\t\t<p>Fireoff Oy tekee monipuolisesti erilaisia palosuojauksia. Kaikki suojaukset toteutetaan erillisen suunnitelman mukaan. Kattava ja huolellisesti laadittu palosuojaussuunnitelma on kuin laittaisi rahaa pankkiin.<\/p>\n<p>Sen avulla kiinteist\u00f6si turvallisuudesta huolehtiminen on helppoa. Suunnitelma tehd\u00e4\u00e4n yhteisty\u00f6ss\u00e4 rakennussuunnittelijan, palosuunnittelijan ja tilaajan kanssa.<\/p>\n<p>Palvelumme sis\u00e4lt\u00e4\u00e4:<\/p>\n<ul>\n<li>rakenteellisen palosuojauksen asiantuntija<\/li>\n<li>neuvonta<\/li>\n<li>valvonta<\/li>\n<li>hankkeiden esiselvitys ja toteutus.<\/li>\n<\/ul>\n<p>K\u00e4yt\u00e4mme palosuojauksissa aina CE-merkittyj\u00e4 kaapelisuojamaaleja ja kaapelisuojakankaita sek\u00e4 muita sertifioituja tuotteita. Ter\u00e4srakenteiden palosuojauksessa k\u00e4yt\u00e4mme palosuojavilloitusta. Levytyksiss\u00e4 k\u00e4yt\u00e4mme Promat-palosuojalevyj\u00e4.<\/p>\n<p><img decoding=\"async\" id=\"floatBarImgId\" style=\"display: none; opacity: 0; position: absolute; z-index: 2147483647;\" src=\"chrome-extension:\/\/dbkmjjclgbiooljcegcddagnddjedmed\/pics\/save2-32.png\" \/><\/p>\n\t\t\t\t\t\t\t\t<\/div>\n\t\t\t\t<\/div>\n\t\t\t\t\t<\/div>\n\t\t<\/div>\n\t\t\t\t<div class=\"elementor-column elementor-col-50 elementor-top-column elementor-element elementor-element-6c9c469\" data-id=\"6c9c469\" data-element_type=\"column\">\n\t\t\t<div class=\"elementor-widget-wrap elementor-element-populated\">\n\t\t\t\t\t\t<div class=\"elementor-element elementor-element-17a7125 elementor-widget elementor-widget-heading\" data-id=\"17a7125\" data-element_type=\"widget\" data-widget_type=\"heading.default\">\n\t\t\t\t<div class=\"elementor-widget-container\">\n\t\t\t\t\t<h2 class=\"elementor-heading-title elementor-size-default\">Kaapeleiden palosuojaus suojelee my\u00f6s aineetonta omaisuutta<\/h2>\t\t\t\t<\/div>\n\t\t\t\t<\/div>\n\t\t\t\t<div class=\"elementor-element elementor-element-637a723 elementor-widget elementor-widget-text-editor\" data-id=\"637a723\" data-element_type=\"widget\" data-widget_type=\"text-editor.default\">\n\t\t\t\t<div class=\"elementor-widget-container\">\n\t\t\t\t\t\t\t\t\t<p>Oikosulut kaapeleissa ovat yleisi\u00e4 palonmuodostajia ja muun muassa toimistorakennuksissa kaapelikuormat ovat huomattavia. Toisaalta kaapelit voivat tuhoutua ulkopuolisen tulipalon johdosta.<\/p>\n<p>Pahimmassa tapauksessa tiedonkulun estytty\u00e4 yrityksesi aineeton omaisuus on vaarassa.<\/p>\n<p>Kaapeleiden palosuojaus est\u00e4\u00e4 niin oikosuluista johtuvan palonmuodostumisen kuin ulkopuolisen palovaurion aiheutumisen. Suojamateriaali est\u00e4\u00e4 hapen p\u00e4\u00e4syn tulipes\u00e4kkeeseen, jolloin palo ei p\u00e4\u00e4se levi\u00e4m\u00e4\u00e4n.<\/p>\n<p><img decoding=\"async\" id=\"floatBarImgId\" style=\"display: none; opacity: 0; position: absolute; z-index: 2147483647;\" src=\"chrome-extension:\/\/dbkmjjclgbiooljcegcddagnddjedmed\/pics\/save2-32.png\" \/><\/p>\n\t\t\t\t\t\t\t\t<\/div>\n\t\t\t\t<\/div>\n\t\t\t\t\t<\/div>\n\t\t<\/div>\n\t\t\t\t\t<\/div>\n\t\t<\/section>\n\t\t\t\t<section class=\"elementor-section elementor-top-section elementor-element elementor-element-c4bf72f elementor-section-boxed elementor-section-height-default elementor-section-height-default\" data-id=\"c4bf72f\" data-element_type=\"section\">\n\t\t\t\t\t\t<div class=\"elementor-container elementor-column-gap-default\">\n\t\t\t\t\t<div class=\"elementor-column elementor-col-100 elementor-top-column elementor-element elementor-element-e68b71c\" data-id=\"e68b71c\" data-element_type=\"column\">\n\t\t\t<div class=\"elementor-widget-wrap elementor-element-populated\">\n\t\t\t\t\t\t<div class=\"elementor-element elementor-element-ef45679 elementor-widget elementor-widget-gallery\" data-id=\"ef45679\" data-element_type=\"widget\" data-widget_type=\"gallery.default\">\n\t\t\t\t<div class=\"elementor-widget-container\">\n\t\t\t\t\t \t\t\t\t<\/div>\n\t\t\t\t<\/div>\n\t\t\t\t\t<\/div>\n\t\t<\/div>\n\t\t\t\t\t<\/div>\n\t\t<\/section>\n\t\t\t\t<\/div>\n\t\t","protected":false},"excerpt":{"rendered":"<p>Palosuojaus suojaa kiinteist\u00f6\u00e4si ja omaisuuttasi Palosuojauksella voidaan tehokkaasti lis\u00e4t\u00e4 rakenteiden kest\u00e4vyytt\u00e4 tulipalotilanteissa. Palosuojaus voidaan tehd\u00e4 niin kantaville ter\u00e4s-, betoni- kuin puumateriaaleille. Erilaisissa tiloissa ja pinnoilla [&hellip;]<\/p>\n","protected":false},"author":1,"featured_media":0,"parent":0,"menu_order":0,"comment_status":"closed","ping_status":"closed","template":"","meta":{"site-sidebar-layout":"default","site-content-layout":"page-builder","ast-site-content-layout":"default","site-content-style":"default","site-sidebar-style":"default","ast-global-header-display":"","ast-banner-title-visibility":"","ast-main-header-display":"","ast-hfb-above-header-display":"","ast-hfb-below-header-display":"","ast-hfb-mobile-header-display":"","site-post-title":"disabled","ast-breadcrumbs-content":"","ast-featured-img":"","footer-sml-layout":"","theme-transparent-header-meta":"default","adv-header-id-meta":"","stick-header-meta":"default","header-above-stick-meta":"","header-main-stick-meta":"","header-below-stick-meta":"","astra-migrate-meta-layouts":"default","ast-page-background-enabled":"default","ast-page-background-meta":{"desktop":{"background-color":"var(--ast-global-color-4)","background-image":"","background-repeat":"repeat","background-position":"center center","background-size":"auto","background-attachment":"scroll","background-type":"","background-media":"","overlay-type":"","overlay-color":"","overlay-opacity":"","overlay-gradient":""},"tablet":{"background-color":"","background-image":"","background-repeat":"repeat","background-position":"center center","background-size":"auto","background-attachment":"scroll","background-type":"","background-media":"","overlay-type":"","overlay-color":"","overlay-opacity":"","overlay-gradient":""},"mobile":{"background-color":"","background-image":"","background-repeat":"repeat","background-position":"center center","background-size":"auto","background-attachment":"scroll","background-type":"","background-media":"","overlay-type":"","overlay-color":"","overlay-opacity":"","overlay-gradient":""}},"ast-content-background-meta":{"desktop":{"background-color":"var(--ast-global-color-5)","background-image":"","background-repeat":"repeat","background-position":"center center","background-size":"auto","background-attachment":"scroll","background-type":"","background-media":"","overlay-type":"","overlay-color":"","overlay-opacity":"","overlay-gradient":""},"tablet":{"background-color":"var(--ast-global-color-5)","background-image":"","background-repeat":"repeat","background-position":"center center","background-size":"auto","background-attachment":"scroll","background-type":"","background-media":"","overlay-type":"","overlay-color":"","overlay-opacity":"","overlay-gradient":""},"mobile":{"background-color":"var(--ast-global-color-5)","background-image":"","background-repeat":"repeat","background-position":"center center","background-size":"auto","background-attachment":"scroll","background-type":"","background-media":"","overlay-type":"","overlay-color":"","overlay-opacity":"","overlay-gradient":""}},"footnotes":""},"class_list":["post-668","page","type-page","status-publish","hentry"],"_links":{"self":[{"href":"https:\/\/fireoff.ee\/fi\/wp-json\/wp\/v2\/pages\/668","targetHints":{"allow":["GET"]}}],"collection":[{"href":"https:\/\/fireoff.ee\/fi\/wp-json\/wp\/v2\/pages"}],"about":[{"href":"https:\/\/fireoff.ee\/fi\/wp-json\/wp\/v2\/types\/page"}],"author":[{"embeddable":true,"href":"https:\/\/fireoff.ee\/fi\/wp-json\/wp\/v2\/users\/1"}],"replies":[{"embeddable":true,"href":"https:\/\/fireoff.ee\/fi\/wp-json\/wp\/v2\/comments?post=668"}],"version-history":[{"count":6,"href":"https:\/\/fireoff.ee\/fi\/wp-json\/wp\/v2\/pages\/668\/revisions"}],"predecessor-version":[{"id":948,"href":"https:\/\/fireoff.ee\/fi\/wp-json\/wp\/v2\/pages\/668\/revisions\/948"}],"wp:attachment":[{"href":"https:\/\/fireoff.ee\/fi\/wp-json\/wp\/v2\/media?parent=668"}],"curies":[{"name":"wp","href":"https:\/\/api.w.org\/{rel}","templated":true}]}}