{"id":675,"date":"2020-03-12T11:48:15","date_gmt":"2020-03-12T09:48:15","guid":{"rendered":"https:\/\/priit.veebikoda.com\/palokatkosuunnittelu\/"},"modified":"2020-03-18T09:51:19","modified_gmt":"2020-03-18T07:51:19","slug":"palokatkosuunnittelu","status":"publish","type":"page","link":"https:\/\/fireoff.ee\/fi\/palokatkosuunnittelu\/","title":{"rendered":"Palokatkosuunnittelu"},"content":{"rendered":"\t\t<div data-elementor-type=\"wp-page\" data-elementor-id=\"675\" class=\"elementor elementor-675 elementor-104\">\n\t\t\t\t\t\t<section class=\"elementor-section elementor-top-section elementor-element elementor-element-4be2db72 elementor-section-boxed elementor-section-height-default elementor-section-height-default\" data-id=\"4be2db72\" data-element_type=\"section\">\n\t\t\t\t\t\t<div class=\"elementor-container elementor-column-gap-default\">\n\t\t\t\t\t<div class=\"elementor-column elementor-col-100 elementor-top-column elementor-element elementor-element-2d81a894\" data-id=\"2d81a894\" data-element_type=\"column\">\n\t\t\t<div class=\"elementor-widget-wrap elementor-element-populated\">\n\t\t\t\t\t\t<div class=\"elementor-element elementor-element-347ed972 elementor-widget elementor-widget-shortcode\" data-id=\"347ed972\" data-element_type=\"widget\" id=\"breadcrumb\" data-widget_type=\"shortcode.default\">\n\t\t\t\t<div class=\"elementor-widget-container\">\n\t\t\t\t\t\t\t<div class=\"elementor-shortcode\"><nav aria-label=\"breadcrumbs\" class=\"rank-math-breadcrumb\"><p><span class=\"last\">Home<\/span><\/p><\/nav><\/div>\n\t\t\t\t\t\t<\/div>\n\t\t\t\t<\/div>\n\t\t\t\t\t<\/div>\n\t\t<\/div>\n\t\t\t\t\t<\/div>\n\t\t<\/section>\n\t\t\t\t<section class=\"elementor-section elementor-top-section elementor-element elementor-element-17c3e2ae elementor-section-boxed elementor-section-height-default elementor-section-height-default\" data-id=\"17c3e2ae\" data-element_type=\"section\">\n\t\t\t\t\t\t<div class=\"elementor-container elementor-column-gap-extended\">\n\t\t\t\t\t<div class=\"elementor-column elementor-col-66 elementor-top-column elementor-element elementor-element-6b25304b\" data-id=\"6b25304b\" data-element_type=\"column\">\n\t\t\t<div class=\"elementor-widget-wrap elementor-element-populated\">\n\t\t\t\t\t\t<div class=\"elementor-element elementor-element-706cab42 elementor-widget elementor-widget-heading\" data-id=\"706cab42\" data-element_type=\"widget\" data-widget_type=\"heading.default\">\n\t\t\t\t<div class=\"elementor-widget-container\">\n\t\t\t\t\t<h1 class=\"elementor-heading-title elementor-size-default\">Ammattitaitoinen palokatkosuunnitelma kiinteist\u00f6si parhaaksi<\/h1>\t\t\t\t<\/div>\n\t\t\t\t<\/div>\n\t\t\t\t<div class=\"elementor-element elementor-element-49fa18b elementor-widget elementor-widget-text-editor\" data-id=\"49fa18b\" data-element_type=\"widget\" data-widget_type=\"text-editor.default\">\n\t\t\t\t<div class=\"elementor-widget-container\">\n\t\t\t\t\t\t\t\t\t<p>Nykyiseen uudis- ja saneerausrakentamiseen kuuluu osana palokatkosuunnittelu ja se onkin yksi paloturvallisuuden t\u00e4rkeimmist\u00e4 osista.<\/p>\n<p>Jokaiseen kohteeseen on laadittava Suomen rakennuslains\u00e4\u00e4d\u00e4nn\u00f6n vaatimukset t\u00e4ytt\u00e4v\u00e4 suunnitelma, josta k\u00e4y ilmi kiinteist\u00f6n palokatkojen toteutustavat ja niiden sijainnit. Suunnitelmaa luotaessa huomioimme aina projektin erityispiirteet ja -vaatimukset.<\/p>\n<p>Kattava palokatkosuunnitelma sis\u00e4lt\u00e4\u00e4 pohjakuvien ja toteutustapojen lis\u00e4ksi asennusohjeet. Kartoitamme jokaisen kohteen erikseen ja laadimme suunnitelman yhdess\u00e4 rakennusvalvonnan ja suunnittelijoiden kanssa.<\/p>\n<p>Pyyd\u00e4 tarjousta!<\/p>\n<p><img decoding=\"async\" id=\"floatBarImgId\" style=\"display: none; opacity: 0; position: absolute; z-index: 2147483647;\" src=\"chrome-extension:\/\/dbkmjjclgbiooljcegcddagnddjedmed\/pics\/save2-32.png\" \/><\/p>\n\t\t\t\t\t\t\t\t<\/div>\n\t\t\t\t<\/div>\n\t\t\t\t\t<\/div>\n\t\t<\/div>\n\t\t\t\t<div class=\"elementor-column elementor-col-33 elementor-top-column elementor-element elementor-element-7f7350f\" data-id=\"7f7350f\" data-element_type=\"column\">\n\t\t\t<div class=\"elementor-widget-wrap elementor-element-populated\">\n\t\t\t\t\t\t<div class=\"elementor-element elementor-element-676055d6 elementor-widget elementor-widget-image\" data-id=\"676055d6\" data-element_type=\"widget\" data-widget_type=\"image.default\">\n\t\t\t\t<div class=\"elementor-widget-container\">\n\t\t\t\t\t\t\t\t\t\t\t\t\t\t\t<img fetchpriority=\"high\" decoding=\"async\" width=\"1000\" height=\"452\" src=\"https:\/\/fireoff.ee\/wp-content\/uploads\/2020\/03\/kaapelihyllyn-palosuojaus.jpg\" class=\"attachment-full size-full wp-image-654\" alt=\"\" srcset=\"https:\/\/fireoff.ee\/wp-content\/uploads\/2020\/03\/kaapelihyllyn-palosuojaus.jpg 1000w, https:\/\/fireoff.ee\/wp-content\/uploads\/2020\/03\/kaapelihyllyn-palosuojaus-300x136.jpg 300w, https:\/\/fireoff.ee\/wp-content\/uploads\/2020\/03\/kaapelihyllyn-palosuojaus-768x347.jpg 768w\" sizes=\"(max-width: 1000px) 100vw, 1000px\" \/>\t\t\t\t\t\t\t\t\t\t\t\t\t\t\t<\/div>\n\t\t\t\t<\/div>\n\t\t\t\t\t<\/div>\n\t\t<\/div>\n\t\t\t\t\t<\/div>\n\t\t<\/section>\n\t\t\t\t<section class=\"elementor-section elementor-top-section elementor-element elementor-element-63f61445 elementor-section-boxed elementor-section-height-default elementor-section-height-default\" data-id=\"63f61445\" data-element_type=\"section\" data-settings=\"{&quot;background_background&quot;:&quot;classic&quot;}\">\n\t\t\t\t\t\t\t<div class=\"elementor-background-overlay\"><\/div>\n\t\t\t\t\t\t\t<div class=\"elementor-container elementor-column-gap-wide\">\n\t\t\t\t\t<div class=\"elementor-column elementor-col-33 elementor-top-column elementor-element elementor-element-1ea6059\" data-id=\"1ea6059\" data-element_type=\"column\">\n\t\t\t<div class=\"elementor-widget-wrap elementor-element-populated\">\n\t\t\t\t\t\t<div class=\"elementor-element elementor-element-436d0bbb elementor-widget elementor-widget-heading\" data-id=\"436d0bbb\" data-element_type=\"widget\" data-widget_type=\"heading.default\">\n\t\t\t\t<div class=\"elementor-widget-container\">\n\t\t\t\t\t<h3 class=\"elementor-heading-title elementor-size-default\">Saat meilt\u00e4:<\/h3>\t\t\t\t<\/div>\n\t\t\t\t<\/div>\n\t\t\t\t<div class=\"elementor-element elementor-element-3ab2550b elementor-widget elementor-widget-button\" data-id=\"3ab2550b\" data-element_type=\"widget\" data-widget_type=\"button.default\">\n\t\t\t\t<div class=\"elementor-widget-container\">\n\t\t\t\t\t\t\t\t\t<div class=\"elementor-button-wrapper\">\n\t\t\t\t\t<a class=\"elementor-button elementor-button-link elementor-size-md elementor-animation-grow\" href=\"https:\/\/fireoff.ee\/fi\/yhteystiedot\/\">\n\t\t\t\t\t\t<span class=\"elementor-button-content-wrapper\">\n\t\t\t\t\t\t<span class=\"elementor-button-icon\">\n\t\t\t\t<i aria-hidden=\"true\" class=\"fas fa-arrow-alt-circle-right\"><\/i>\t\t\t<\/span>\n\t\t\t\t\t\t\t\t\t<span class=\"elementor-button-text\">Soita meille<\/span>\n\t\t\t\t\t<\/span>\n\t\t\t\t\t<\/a>\n\t\t\t\t<\/div>\n\t\t\t\t\t\t\t\t<\/div>\n\t\t\t\t<\/div>\n\t\t\t\t\t<\/div>\n\t\t<\/div>\n\t\t\t\t<div class=\"elementor-column elementor-col-66 elementor-top-column elementor-element elementor-element-32f39ee5\" data-id=\"32f39ee5\" data-element_type=\"column\">\n\t\t\t<div class=\"elementor-widget-wrap elementor-element-populated\">\n\t\t\t\t\t\t<div class=\"elementor-element elementor-element-7706a9ba elementor-widget elementor-widget-text-editor\" data-id=\"7706a9ba\" data-element_type=\"widget\" data-widget_type=\"text-editor.default\">\n\t\t\t\t<div class=\"elementor-widget-container\">\n\t\t\t\t\t\t\t\t\t<ul>\n<li>Palokatkosuunnitelmat<\/li>\n<li>Palo-osastointikartoitukset<\/li>\n<li>Palokatkojen kuntotarkastukset ja lausunnot<\/li>\n<li>Palokatko-kartoitukset<\/li>\n<li>Palokatkojen kustannuslaskentaa<\/li>\n<li>Tuotekehitys-projektit<\/li>\n<li>Asiantuntijaluennot (palokatkot)<\/li>\n<li>Palokatko- ja palosuojaus-materiaalien polttotestaukset<\/li>\n<li>Palokatko- ja palosuojaus-materiaalit rakennus- ja telakkateollisuudelle<\/li>\n<li>Palokatkojen asennuskoulutusta<\/li>\n<\/ul>\n<p><img decoding=\"async\" id=\"floatBarImgId\" style=\"display: none; opacity: 0; position: absolute; z-index: 2147483647;\" src=\"chrome-extension:\/\/dbkmjjclgbiooljcegcddagnddjedmed\/pics\/save2-32.png\" \/><\/p>\n\t\t\t\t\t\t\t\t<\/div>\n\t\t\t\t<\/div>\n\t\t\t\t\t<\/div>\n\t\t<\/div>\n\t\t\t\t\t<\/div>\n\t\t<\/section>\n\t\t\t\t<section class=\"elementor-section elementor-top-section elementor-element elementor-element-776c4fdc elementor-section-boxed elementor-section-height-default elementor-section-height-default\" data-id=\"776c4fdc\" data-element_type=\"section\">\n\t\t\t\t\t\t<div class=\"elementor-container elementor-column-gap-wide\">\n\t\t\t\t\t<div class=\"elementor-column elementor-col-50 elementor-top-column elementor-element elementor-element-10b7c019\" data-id=\"10b7c019\" data-element_type=\"column\">\n\t\t\t<div class=\"elementor-widget-wrap elementor-element-populated\">\n\t\t\t\t\t\t<div class=\"elementor-element elementor-element-11661c3f elementor-widget elementor-widget-heading\" data-id=\"11661c3f\" data-element_type=\"widget\" data-widget_type=\"heading.default\">\n\t\t\t\t<div class=\"elementor-widget-container\">\n\t\t\t\t\t<h2 class=\"elementor-heading-title elementor-size-default\">Palokatkokartoitus l\u00f6yt\u00e4\u00e4 riskit<\/h2>\t\t\t\t<\/div>\n\t\t\t\t<\/div>\n\t\t\t\t<div class=\"elementor-element elementor-element-4b7ce7d4 elementor-widget elementor-widget-text-editor\" data-id=\"4b7ce7d4\" data-element_type=\"widget\" data-widget_type=\"text-editor.default\">\n\t\t\t\t<div class=\"elementor-widget-container\">\n\t\t\t\t\t\t\t\t\t<p>Teemme my\u00f6s palokatkokartoituksia, joiden tarkoituksena on havainnoida palokatkojen nykytila, palopeltien ja -ovien toimivuus, palosuojausten ja -rakenteiden kunto.<\/p>\n<p>Kartoituksessa k\u00e4yd\u00e4\u00e4n l\u00e4pi palo-osastoinnit ja niiden rajapinnat. Rakennuksen elinkaaren aikana se l\u00e4pik\u00e4y monia muutoksia ja saneerauksia. N\u00e4iden muutostoimenpiteiden j\u00e4lkeen paloturvallisuudesta voidaan olla ep\u00e4varmoja.<\/p>\n<p>Toiveenamme on tehd\u00e4 palokatkoasiantuntijan k\u00e4ytt\u00e4misest\u00e4 mahdollisimman edullista ja tehokasta. Sovimme kartoituksille kiinte\u00e4n hinnan etuk\u00e4teen. Perusteena hinnoittelussa k\u00e4ytet\u00e4\u00e4n 700 \u20ac\/ty\u00f6p\u00e4iv\u00e4.<\/p>\n<p>T\u00e4h\u00e4n hintaan sis\u00e4ltyy sek\u00e4 kohteen kartoitus ja tutkiminen ett\u00e4 raportit. Raporttiin merkit\u00e4\u00e4n pohjakuvien avulla l\u00f6yd\u00f6kset ja liitteeksi lis\u00e4\u00e4mme valokuvat l\u00f6yd\u00f6ksista. Raportin lis\u00e4ksi teemme tarvittaessa tarjouksen korjaustoimenpiteist\u00e4. Dokumentointij\u00e4rjestelm\u00e4mme on saanut asiakkailtamme paljon kehuja ja kiitoksia.<\/p>\n<p>Varaa oma kartoituksesi!<\/p>\n\t\t\t\t\t\t\t\t<\/div>\n\t\t\t\t<\/div>\n\t\t\t\t\t<\/div>\n\t\t<\/div>\n\t\t\t\t<div class=\"elementor-column elementor-col-50 elementor-top-column elementor-element elementor-element-5628b683\" data-id=\"5628b683\" data-element_type=\"column\">\n\t\t\t<div class=\"elementor-widget-wrap elementor-element-populated\">\n\t\t\t\t\t\t<div class=\"elementor-element elementor-element-db6364d elementor-widget elementor-widget-heading\" data-id=\"db6364d\" data-element_type=\"widget\" data-widget_type=\"heading.default\">\n\t\t\t\t<div class=\"elementor-widget-container\">\n\t\t\t\t\t<h2 class=\"elementor-heading-title elementor-size-default\">Perusteellinen palokatkosuunnitelma apunasi koko hankkeen ajan<\/h2>\t\t\t\t<\/div>\n\t\t\t\t<\/div>\n\t\t\t\t<div class=\"elementor-element elementor-element-5808caff elementor-widget elementor-widget-text-editor\" data-id=\"5808caff\" data-element_type=\"widget\" data-widget_type=\"text-editor.default\">\n\t\t\t\t<div class=\"elementor-widget-container\">\n\t\t\t\t\t\t\t\t\t<p>Huolellisesti asiantuntemuksella laadittu palokatkosuunnitelma on rakennushankkeen kulmakivi, joka ohjaa ty\u00f6t\u00e4 s\u00e4\u00e4st\u00e4en resursseja. Laatimamme palokatkosuunnitelmat kattavat kaiken pohjakuvista ty\u00f6selostuksiin.<\/p>\n<p>Palokatkosuunnitelman sis\u00e4lt\u00f6:<\/p>\n<ul>\n<li>Suunnitelman laadinta sis\u00e4lt\u00e4en asiakirjaluettelon ja ty\u00f6selostuksen<\/li>\n<li>Hankkeessa k\u00e4ytett\u00e4vien palokatkotuotteiden kelpoisuuden todentaminen, josta erillinen tarkastusasiakirja<\/li>\n<li>Tilaajan toimittamien pohjakuvien k\u00e4sittely (ARK -pohjapiirustukset, joihin on merkitty palo-osastointirajat ja -luokat)<\/li>\n<li>Sijaintipiirustusten laadinta s\u00e4hk\u00f6iseen muotoon<\/li>\n<li>K\u00e4ytett\u00e4vien\/soveltuvien palokatkoratkaisujen detaljisuunnittelu hankkeen LVIS-asennusten l\u00e4pivienteihin osastoivissa perusrakennetyypeiss\u00e4 (levy- ja kiviainessein\u00e4t ja betoniv\u00e4lipohjat).<\/li>\n<li>Osastoivien rakenteiden palokatkojen sijaintien hakeminen LVIS-suunnitelmista ja niiden sijoittaminen sijaintipiirustuksiin suunnitteluvaiheessa<\/li>\n<\/ul>\n<p>Jokainen kohde on erilainen ja siksi palokatkosuunnitelmat eiv\u00e4t ole listahinnoiteltuja. Pyyd\u00e4 tarjous suunnitelmasta.<\/p>\n<p><img decoding=\"async\" id=\"floatBarImgId\" style=\"display: none; opacity: 0; position: absolute; z-index: 2147483647;\" src=\"chrome-extension:\/\/dbkmjjclgbiooljcegcddagnddjedmed\/pics\/save2-32.png\" \/><\/p>\n\t\t\t\t\t\t\t\t<\/div>\n\t\t\t\t<\/div>\n\t\t\t\t\t<\/div>\n\t\t<\/div>\n\t\t\t\t\t<\/div>\n\t\t<\/section>\n\t\t\t\t<\/div>\n\t\t","protected":false},"excerpt":{"rendered":"<p>Ammattitaitoinen palokatkosuunnitelma kiinteist\u00f6si parhaaksi Nykyiseen uudis- ja saneerausrakentamiseen kuuluu osana palokatkosuunnittelu ja se onkin yksi paloturvallisuuden t\u00e4rkeimmist\u00e4 osista. Jokaiseen kohteeseen on laadittava Suomen rakennuslains\u00e4\u00e4d\u00e4nn\u00f6n vaatimukset [&hellip;]<\/p>\n","protected":false},"author":1,"featured_media":0,"parent":0,"menu_order":0,"comment_status":"closed","ping_status":"closed","template":"","meta":{"site-sidebar-layout":"default","site-content-layout":"page-builder","ast-site-content-layout":"default","site-content-style":"default","site-sidebar-style":"default","ast-global-header-display":"","ast-banner-title-visibility":"","ast-main-header-display":"","ast-hfb-above-header-display":"","ast-hfb-below-header-display":"","ast-hfb-mobile-header-display":"","site-post-title":"disabled","ast-breadcrumbs-content":"","ast-featured-img":"","footer-sml-layout":"","theme-transparent-header-meta":"default","adv-header-id-meta":"","stick-header-meta":"default","header-above-stick-meta":"","header-main-stick-meta":"","header-below-stick-meta":"","astra-migrate-meta-layouts":"default","ast-page-background-enabled":"default","ast-page-background-meta":{"desktop":{"background-color":"var(--ast-global-color-4)","background-image":"","background-repeat":"repeat","background-position":"center center","background-size":"auto","background-attachment":"scroll","background-type":"","background-media":"","overlay-type":"","overlay-color":"","overlay-opacity":"","overlay-gradient":""},"tablet":{"background-color":"","background-image":"","background-repeat":"repeat","background-position":"center center","background-size":"auto","background-attachment":"scroll","background-type":"","background-media":"","overlay-type":"","overlay-color":"","overlay-opacity":"","overlay-gradient":""},"mobile":{"background-color":"","background-image":"","background-repeat":"repeat","background-position":"center center","background-size":"auto","background-attachment":"scroll","background-type":"","background-media":"","overlay-type":"","overlay-color":"","overlay-opacity":"","overlay-gradient":""}},"ast-content-background-meta":{"desktop":{"background-color":"var(--ast-global-color-5)","background-image":"","background-repeat":"repeat","background-position":"center center","background-size":"auto","background-attachment":"scroll","background-type":"","background-media":"","overlay-type":"","overlay-color":"","overlay-opacity":"","overlay-gradient":""},"tablet":{"background-color":"var(--ast-global-color-5)","background-image":"","background-repeat":"repeat","background-position":"center center","background-size":"auto","background-attachment":"scroll","background-type":"","background-media":"","overlay-type":"","overlay-color":"","overlay-opacity":"","overlay-gradient":""},"mobile":{"background-color":"var(--ast-global-color-5)","background-image":"","background-repeat":"repeat","background-position":"center center","background-size":"auto","background-attachment":"scroll","background-type":"","background-media":"","overlay-type":"","overlay-color":"","overlay-opacity":"","overlay-gradient":""}},"footnotes":""},"class_list":["post-675","page","type-page","status-publish","hentry"],"_links":{"self":[{"href":"https:\/\/fireoff.ee\/fi\/wp-json\/wp\/v2\/pages\/675","targetHints":{"allow":["GET"]}}],"collection":[{"href":"https:\/\/fireoff.ee\/fi\/wp-json\/wp\/v2\/pages"}],"about":[{"href":"https:\/\/fireoff.ee\/fi\/wp-json\/wp\/v2\/types\/page"}],"author":[{"embeddable":true,"href":"https:\/\/fireoff.ee\/fi\/wp-json\/wp\/v2\/users\/1"}],"replies":[{"embeddable":true,"href":"https:\/\/fireoff.ee\/fi\/wp-json\/wp\/v2\/comments?post=675"}],"version-history":[{"count":5,"href":"https:\/\/fireoff.ee\/fi\/wp-json\/wp\/v2\/pages\/675\/revisions"}],"predecessor-version":[{"id":841,"href":"https:\/\/fireoff.ee\/fi\/wp-json\/wp\/v2\/pages\/675\/revisions\/841"}],"wp:attachment":[{"href":"https:\/\/fireoff.ee\/fi\/wp-json\/wp\/v2\/media?parent=675"}],"curies":[{"name":"wp","href":"https:\/\/api.w.org\/{rel}","templated":true}]}}