{"id":688,"date":"2020-03-12T11:50:20","date_gmt":"2020-03-12T09:50:20","guid":{"rendered":"https:\/\/priit.veebikoda.com\/huolto-ja-kunnossapitopalvelut\/"},"modified":"2020-03-12T12:09:23","modified_gmt":"2020-03-12T10:09:23","slug":"huolto-ja-kunnossapitopalvelut","status":"publish","type":"page","link":"https:\/\/fireoff.ee\/fi\/huolto-ja-kunnossapitopalvelut\/","title":{"rendered":"Huolto- ja kunnossapitopalvelut"},"content":{"rendered":"\t\t<div data-elementor-type=\"wp-page\" data-elementor-id=\"688\" class=\"elementor elementor-688 elementor-108\">\n\t\t\t\t\t\t<section class=\"elementor-section elementor-top-section elementor-element elementor-element-7eeac397 elementor-section-boxed elementor-section-height-default elementor-section-height-default\" data-id=\"7eeac397\" data-element_type=\"section\">\n\t\t\t\t\t\t<div class=\"elementor-container elementor-column-gap-default\">\n\t\t\t\t\t<div class=\"elementor-column elementor-col-100 elementor-top-column elementor-element elementor-element-7447de20\" data-id=\"7447de20\" data-element_type=\"column\">\n\t\t\t<div class=\"elementor-widget-wrap elementor-element-populated\">\n\t\t\t\t\t\t<div class=\"elementor-element elementor-element-2edbbaa5 elementor-widget elementor-widget-shortcode\" data-id=\"2edbbaa5\" data-element_type=\"widget\" id=\"breadcrumb\" data-widget_type=\"shortcode.default\">\n\t\t\t\t<div class=\"elementor-widget-container\">\n\t\t\t\t\t\t\t<div class=\"elementor-shortcode\"><nav aria-label=\"breadcrumbs\" class=\"rank-math-breadcrumb\"><p><span class=\"last\">Home<\/span><\/p><\/nav><\/div>\n\t\t\t\t\t\t<\/div>\n\t\t\t\t<\/div>\n\t\t\t\t\t<\/div>\n\t\t<\/div>\n\t\t\t\t\t<\/div>\n\t\t<\/section>\n\t\t\t\t<section class=\"elementor-section elementor-top-section elementor-element elementor-element-397d0c21 elementor-section-boxed elementor-section-height-default elementor-section-height-default\" data-id=\"397d0c21\" data-element_type=\"section\">\n\t\t\t\t\t\t<div class=\"elementor-container elementor-column-gap-extended\">\n\t\t\t\t\t<div class=\"elementor-column elementor-col-66 elementor-top-column elementor-element elementor-element-4ffdc4a2\" data-id=\"4ffdc4a2\" data-element_type=\"column\">\n\t\t\t<div class=\"elementor-widget-wrap elementor-element-populated\">\n\t\t\t\t\t\t<div class=\"elementor-element elementor-element-5284585b elementor-widget elementor-widget-heading\" data-id=\"5284585b\" data-element_type=\"widget\" data-widget_type=\"heading.default\">\n\t\t\t\t<div class=\"elementor-widget-container\">\n\t\t\t\t\t<h1 class=\"elementor-heading-title elementor-size-default\">Ammattitaitoiset ja nopeat palokatkojen korjaukset, huollot ja kunnossapito<\/h1>\t\t\t\t<\/div>\n\t\t\t\t<\/div>\n\t\t\t\t<div class=\"elementor-element elementor-element-6fde7294 elementor-widget elementor-widget-text-editor\" data-id=\"6fde7294\" data-element_type=\"widget\" data-widget_type=\"text-editor.default\">\n\t\t\t\t<div class=\"elementor-widget-container\">\n\t\t\t\t\t\t\t\t\t<p>Tied\u00e4tk\u00f6 miss\u00e4 kunnossa kiinteist\u00f6si palokatkot ovat? Toimivat ja kunnossa olevat palokatkot rajaavat aineelliset vahingot yhteen palo-osastoon. Samalla ne antavat lis\u00e4\u00e4 ty\u00f6aikaa pelastajille ja takaavat ty\u00f6turvallisuuden niin omille ty\u00f6ntekij\u00f6illesi kuin pelastusty\u00f6ntekij\u00f6illekin.<\/p>\n<p>Jos tarkistuksesta on jo vier\u00e4ht\u00e4nyt tovi, tilaa meid\u00e4t paikalle. Teemme palokatkojen kuntokartoituksia, korjauksia ja huoltoja. Palokatkojen kunnossapidon voi my\u00f6s hoitaa kokonaisuudessaan kauttamme.<\/p>\n<p>Lue lis\u00e4\u00e4 alta.<\/p>\n\t\t\t\t\t\t\t\t<\/div>\n\t\t\t\t<\/div>\n\t\t\t\t\t<\/div>\n\t\t<\/div>\n\t\t\t\t<div class=\"elementor-column elementor-col-33 elementor-top-column elementor-element elementor-element-bc1e28\" data-id=\"bc1e28\" data-element_type=\"column\">\n\t\t\t<div class=\"elementor-widget-wrap elementor-element-populated\">\n\t\t\t\t\t\t<div class=\"elementor-element elementor-element-15edeb65 elementor-widget elementor-widget-image\" data-id=\"15edeb65\" data-element_type=\"widget\" data-widget_type=\"image.default\">\n\t\t\t\t<div class=\"elementor-widget-container\">\n\t\t\t\t\t\t\t\t\t\t\t\t\t\t\t<img fetchpriority=\"high\" decoding=\"async\" width=\"400\" height=\"267\" src=\"https:\/\/fireoff.ee\/wp-content\/uploads\/2020\/03\/huolto.jpg\" class=\"attachment-full size-full wp-image-690\" alt=\"Huoltopalvelut ja kunnossapito\" srcset=\"https:\/\/fireoff.ee\/wp-content\/uploads\/2020\/03\/huolto.jpg 400w, https:\/\/fireoff.ee\/wp-content\/uploads\/2020\/03\/huolto-300x200.jpg 300w\" sizes=\"(max-width: 400px) 100vw, 400px\" \/>\t\t\t\t\t\t\t\t\t\t\t\t\t\t\t<\/div>\n\t\t\t\t<\/div>\n\t\t\t\t\t<\/div>\n\t\t<\/div>\n\t\t\t\t\t<\/div>\n\t\t<\/section>\n\t\t\t\t<section class=\"elementor-section elementor-top-section elementor-element elementor-element-73f3c96a elementor-section-boxed elementor-section-height-default elementor-section-height-default\" data-id=\"73f3c96a\" data-element_type=\"section\" data-settings=\"{&quot;background_background&quot;:&quot;classic&quot;}\">\n\t\t\t\t\t\t\t<div class=\"elementor-background-overlay\"><\/div>\n\t\t\t\t\t\t\t<div class=\"elementor-container elementor-column-gap-wide\">\n\t\t\t\t\t<div class=\"elementor-column elementor-col-33 elementor-top-column elementor-element elementor-element-59c7d62e\" data-id=\"59c7d62e\" data-element_type=\"column\">\n\t\t\t<div class=\"elementor-widget-wrap elementor-element-populated\">\n\t\t\t\t\t\t<div class=\"elementor-element elementor-element-1b41e2ad elementor-widget elementor-widget-heading\" data-id=\"1b41e2ad\" data-element_type=\"widget\" data-widget_type=\"heading.default\">\n\t\t\t\t<div class=\"elementor-widget-container\">\n\t\t\t\t\t<h3 class=\"elementor-heading-title elementor-size-default\">Kysy n\u00e4ist\u00e4<\/h3>\t\t\t\t<\/div>\n\t\t\t\t<\/div>\n\t\t\t\t<div class=\"elementor-element elementor-element-b5a6570 elementor-widget elementor-widget-button\" data-id=\"b5a6570\" data-element_type=\"widget\" data-widget_type=\"button.default\">\n\t\t\t\t<div class=\"elementor-widget-container\">\n\t\t\t\t\t\t\t\t\t<div class=\"elementor-button-wrapper\">\n\t\t\t\t\t<a class=\"elementor-button elementor-button-link elementor-size-md elementor-animation-grow\" href=\"https:\/\/fireoff.ee\/fi\/yhteystiedot\/\">\n\t\t\t\t\t\t<span class=\"elementor-button-content-wrapper\">\n\t\t\t\t\t\t<span class=\"elementor-button-icon\">\n\t\t\t\t<i aria-hidden=\"true\" class=\"fas fa-arrow-alt-circle-right\"><\/i>\t\t\t<\/span>\n\t\t\t\t\t\t\t\t\t<span class=\"elementor-button-text\">Soita meille<\/span>\n\t\t\t\t\t<\/span>\n\t\t\t\t\t<\/a>\n\t\t\t\t<\/div>\n\t\t\t\t\t\t\t\t<\/div>\n\t\t\t\t<\/div>\n\t\t\t\t\t<\/div>\n\t\t<\/div>\n\t\t\t\t<div class=\"elementor-column elementor-col-66 elementor-top-column elementor-element elementor-element-63a192aa\" data-id=\"63a192aa\" data-element_type=\"column\">\n\t\t\t<div class=\"elementor-widget-wrap elementor-element-populated\">\n\t\t\t\t\t\t<div class=\"elementor-element elementor-element-5b7972be elementor-widget elementor-widget-text-editor\" data-id=\"5b7972be\" data-element_type=\"widget\" data-widget_type=\"text-editor.default\">\n\t\t\t\t<div class=\"elementor-widget-container\">\n\t\t\t\t\t\t\t\t\t<ul>\n<li>Kiinteist\u00f6jen palokatkokartoitukset<\/li>\n<li>Kiinteist\u00f6jen palokatkoasennukset<\/li>\n<li>Kiinteist\u00f6jen palokatkojen korjaukset<\/li>\n<li>Kunnossapitosopimukset<\/li>\n<\/ul>\n\t\t\t\t\t\t\t\t<\/div>\n\t\t\t\t<\/div>\n\t\t\t\t\t<\/div>\n\t\t<\/div>\n\t\t\t\t\t<\/div>\n\t\t<\/section>\n\t\t\t\t<section class=\"elementor-section elementor-top-section elementor-element elementor-element-5f7116af elementor-section-boxed elementor-section-height-default elementor-section-height-default\" data-id=\"5f7116af\" data-element_type=\"section\">\n\t\t\t\t\t\t<div class=\"elementor-container elementor-column-gap-wide\">\n\t\t\t\t\t<div class=\"elementor-column elementor-col-50 elementor-top-column elementor-element elementor-element-7202838b\" data-id=\"7202838b\" data-element_type=\"column\">\n\t\t\t<div class=\"elementor-widget-wrap elementor-element-populated\">\n\t\t\t\t\t\t<div class=\"elementor-element elementor-element-1380a3bf elementor-widget elementor-widget-heading\" data-id=\"1380a3bf\" data-element_type=\"widget\" data-widget_type=\"heading.default\">\n\t\t\t\t<div class=\"elementor-widget-container\">\n\t\t\t\t\t<h2 class=\"elementor-heading-title elementor-size-default\">Huoltopalvelut ja kunnossapito<\/h2>\t\t\t\t<\/div>\n\t\t\t\t<\/div>\n\t\t\t\t<div class=\"elementor-element elementor-element-6dd08068 elementor-widget elementor-widget-text-editor\" data-id=\"6dd08068\" data-element_type=\"widget\" data-widget_type=\"text-editor.default\">\n\t\t\t\t<div class=\"elementor-widget-container\">\n\t\t\t\t\t\t\t\t\t<p>Saat meilt\u00e4 kattavat palokatkojen korjaus- ja huoltopalvelut. Solmimalla huoltosopimuksen v\u00e4henn\u00e4t vaivattomasti kiinteist\u00f6si riskej\u00e4. R\u00e4\u00e4t\u00e4l\u00f6imme jokaisen huolto- ja kunnossapitopaketin asiakkaan tarpeiden mukaisesti.<\/p>\n<p>Kysy tarkemmin, mit\u00e4 kunnossapitosopimukseen voidaan sis\u00e4llytt\u00e4\u00e4. Sitoudumme kiinteist\u00f6si paloturvallisuuteen kuin omaamme, olemme pitk\u00e4ik\u00e4inen kumppani.<\/p>\n<p>H\u00e4iri\u00f6tilanteissa reagoimme nopeasti ja saamme tuotantosi py\u00f6rim\u00e4\u00e4n entiseen malliin. Huolto\u2013\u00a0 ja kunnossapitosopimuksemme ovat kattavia ja joustavia.<\/p>\n<p>Kysy kuntokartoituksesta<\/p>\n\t\t\t\t\t\t\t\t<\/div>\n\t\t\t\t<\/div>\n\t\t\t\t\t<\/div>\n\t\t<\/div>\n\t\t\t\t<div class=\"elementor-column elementor-col-50 elementor-top-column elementor-element elementor-element-76bce824\" data-id=\"76bce824\" data-element_type=\"column\">\n\t\t\t<div class=\"elementor-widget-wrap elementor-element-populated\">\n\t\t\t\t\t\t<div class=\"elementor-element elementor-element-23dc859 elementor-widget elementor-widget-image\" data-id=\"23dc859\" data-element_type=\"widget\" data-widget_type=\"image.default\">\n\t\t\t\t<div class=\"elementor-widget-container\">\n\t\t\t\t\t\t\t\t\t\t\t\t\t\t\t<img decoding=\"async\" width=\"600\" height=\"400\" src=\"https:\/\/fireoff.ee\/wp-content\/uploads\/2020\/03\/hooldustood.jpg\" class=\"attachment-large size-large wp-image-694\" alt=\"Huoltopalvelut ja kunnossapito\" srcset=\"https:\/\/fireoff.ee\/wp-content\/uploads\/2020\/03\/hooldustood.jpg 600w, https:\/\/fireoff.ee\/wp-content\/uploads\/2020\/03\/hooldustood-300x200.jpg 300w\" sizes=\"(max-width: 600px) 100vw, 600px\" \/>\t\t\t\t\t\t\t\t\t\t\t\t\t\t\t<\/div>\n\t\t\t\t<\/div>\n\t\t\t\t\t<\/div>\n\t\t<\/div>\n\t\t\t\t\t<\/div>\n\t\t<\/section>\n\t\t\t\t<\/div>\n\t\t","protected":false},"excerpt":{"rendered":"<p>Ammattitaitoiset ja nopeat palokatkojen korjaukset, huollot ja kunnossapito Tied\u00e4tk\u00f6 miss\u00e4 kunnossa kiinteist\u00f6si palokatkot ovat? Toimivat ja kunnossa olevat palokatkot rajaavat aineelliset vahingot yhteen palo-osastoon. Samalla [&hellip;]<\/p>\n","protected":false},"author":1,"featured_media":0,"parent":0,"menu_order":0,"comment_status":"closed","ping_status":"closed","template":"","meta":{"site-sidebar-layout":"default","site-content-layout":"page-builder","ast-site-content-layout":"default","site-content-style":"default","site-sidebar-style":"default","ast-global-header-display":"","ast-banner-title-visibility":"","ast-main-header-display":"","ast-hfb-above-header-display":"","ast-hfb-below-header-display":"","ast-hfb-mobile-header-display":"","site-post-title":"disabled","ast-breadcrumbs-content":"","ast-featured-img":"","footer-sml-layout":"","theme-transparent-header-meta":"default","adv-header-id-meta":"","stick-header-meta":"default","header-above-stick-meta":"","header-main-stick-meta":"","header-below-stick-meta":"","astra-migrate-meta-layouts":"default","ast-page-background-enabled":"default","ast-page-background-meta":{"desktop":{"background-color":"var(--ast-global-color-4)","background-image":"","background-repeat":"repeat","background-position":"center center","background-size":"auto","background-attachment":"scroll","background-type":"","background-media":"","overlay-type":"","overlay-color":"","overlay-opacity":"","overlay-gradient":""},"tablet":{"background-color":"","background-image":"","background-repeat":"repeat","background-position":"center center","background-size":"auto","background-attachment":"scroll","background-type":"","background-media":"","overlay-type":"","overlay-color":"","overlay-opacity":"","overlay-gradient":""},"mobile":{"background-color":"","background-image":"","background-repeat":"repeat","background-position":"center center","background-size":"auto","background-attachment":"scroll","background-type":"","background-media":"","overlay-type":"","overlay-color":"","overlay-opacity":"","overlay-gradient":""}},"ast-content-background-meta":{"desktop":{"background-color":"var(--ast-global-color-5)","background-image":"","background-repeat":"repeat","background-position":"center center","background-size":"auto","background-attachment":"scroll","background-type":"","background-media":"","overlay-type":"","overlay-color":"","overlay-opacity":"","overlay-gradient":""},"tablet":{"background-color":"var(--ast-global-color-5)","background-image":"","background-repeat":"repeat","background-position":"center center","background-size":"auto","background-attachment":"scroll","background-type":"","background-media":"","overlay-type":"","overlay-color":"","overlay-opacity":"","overlay-gradient":""},"mobile":{"background-color":"var(--ast-global-color-5)","background-image":"","background-repeat":"repeat","background-position":"center center","background-size":"auto","background-attachment":"scroll","background-type":"","background-media":"","overlay-type":"","overlay-color":"","overlay-opacity":"","overlay-gradient":""}},"footnotes":""},"class_list":["post-688","page","type-page","status-publish","hentry"],"_links":{"self":[{"href":"https:\/\/fireoff.ee\/fi\/wp-json\/wp\/v2\/pages\/688","targetHints":{"allow":["GET"]}}],"collection":[{"href":"https:\/\/fireoff.ee\/fi\/wp-json\/wp\/v2\/pages"}],"about":[{"href":"https:\/\/fireoff.ee\/fi\/wp-json\/wp\/v2\/types\/page"}],"author":[{"embeddable":true,"href":"https:\/\/fireoff.ee\/fi\/wp-json\/wp\/v2\/users\/1"}],"replies":[{"embeddable":true,"href":"https:\/\/fireoff.ee\/fi\/wp-json\/wp\/v2\/comments?post=688"}],"version-history":[{"count":9,"href":"https:\/\/fireoff.ee\/fi\/wp-json\/wp\/v2\/pages\/688\/revisions"}],"predecessor-version":[{"id":807,"href":"https:\/\/fireoff.ee\/fi\/wp-json\/wp\/v2\/pages\/688\/revisions\/807"}],"wp:attachment":[{"href":"https:\/\/fireoff.ee\/fi\/wp-json\/wp\/v2\/media?parent=688"}],"curies":[{"name":"wp","href":"https:\/\/api.w.org\/{rel}","templated":true}]}}