{"id":703,"date":"2020-03-12T11:52:21","date_gmt":"2020-03-12T09:52:21","guid":{"rendered":"https:\/\/priit.veebikoda.com\/saumaus\/"},"modified":"2020-03-12T12:09:43","modified_gmt":"2020-03-12T10:09:43","slug":"saumaus","status":"publish","type":"page","link":"https:\/\/fireoff.ee\/fi\/saumaus\/","title":{"rendered":"Saumaus"},"content":{"rendered":"\t\t<div data-elementor-type=\"wp-page\" data-elementor-id=\"703\" class=\"elementor elementor-703 elementor-114\">\n\t\t\t\t\t\t<section class=\"elementor-section elementor-top-section elementor-element elementor-element-8a0a41d elementor-section-boxed elementor-section-height-default elementor-section-height-default\" data-id=\"8a0a41d\" data-element_type=\"section\">\n\t\t\t\t\t\t<div class=\"elementor-container elementor-column-gap-default\">\n\t\t\t\t\t<div class=\"elementor-column elementor-col-100 elementor-top-column elementor-element elementor-element-5b7db207\" data-id=\"5b7db207\" data-element_type=\"column\">\n\t\t\t<div class=\"elementor-widget-wrap elementor-element-populated\">\n\t\t\t\t\t\t<div class=\"elementor-element elementor-element-445aae33 elementor-widget elementor-widget-shortcode\" data-id=\"445aae33\" data-element_type=\"widget\" id=\"breadcrumb\" data-widget_type=\"shortcode.default\">\n\t\t\t\t<div class=\"elementor-widget-container\">\n\t\t\t\t\t\t\t<div class=\"elementor-shortcode\"><nav aria-label=\"breadcrumbs\" class=\"rank-math-breadcrumb\"><p><span class=\"last\">Home<\/span><\/p><\/nav><\/div>\n\t\t\t\t\t\t<\/div>\n\t\t\t\t<\/div>\n\t\t\t\t\t<\/div>\n\t\t<\/div>\n\t\t\t\t\t<\/div>\n\t\t<\/section>\n\t\t\t\t<section class=\"elementor-section elementor-top-section elementor-element elementor-element-740843b elementor-section-boxed elementor-section-height-default elementor-section-height-default\" data-id=\"740843b\" data-element_type=\"section\">\n\t\t\t\t\t\t<div class=\"elementor-container elementor-column-gap-extended\">\n\t\t\t\t\t<div class=\"elementor-column elementor-col-66 elementor-top-column elementor-element elementor-element-20ccec70\" data-id=\"20ccec70\" data-element_type=\"column\">\n\t\t\t<div class=\"elementor-widget-wrap elementor-element-populated\">\n\t\t\t\t\t\t<div class=\"elementor-element elementor-element-26131b7 elementor-widget elementor-widget-heading\" data-id=\"26131b7\" data-element_type=\"widget\" data-widget_type=\"heading.default\">\n\t\t\t\t<div class=\"elementor-widget-container\">\n\t\t\t\t\t<h1 class=\"elementor-heading-title elementor-size-default\">Kest\u00e4v\u00e4 elementtisaumaus lis\u00e4\u00e4 kiinteist\u00f6si elinvuosia<\/h1>\t\t\t\t<\/div>\n\t\t\t\t<\/div>\n\t\t\t\t<div class=\"elementor-element elementor-element-70fb594d elementor-widget elementor-widget-text-editor\" data-id=\"70fb594d\" data-element_type=\"widget\" data-widget_type=\"text-editor.default\">\n\t\t\t\t<div class=\"elementor-widget-container\">\n\t\t\t\t\t\t\t\t\t<p>Saumakohdat ovat niin sis\u00e4ll\u00e4 kuin ulkonakin suurimman rasituksen alla. Ulkona s\u00e4\u00e4olosuhteet piiskaavat saumoja armotta ja sis\u00e4ll\u00e4 kulumista aiheuttaa kuiva sis\u00e4ilma ja kova kulutus.<\/p>\n<p>Sauman tarkoitus on tiivist\u00e4\u00e4 rakenteet, jotta vesi tai muut haittatekij\u00e4t eiv\u00e4t p\u00e4\u00e4se kulkeutumaan seuraavaan elementtiin. Tiivis sauma pit\u00e4\u00e4 ilmansaasteet, \u00e4\u00e4nen ja kosteuden poissa.<\/p>\n<p>Ammattitaidolla ja asianmukaisilla aineilla tehty saumaus kest\u00e4\u00e4 ja takaa lis\u00e4\u00e4 elinvuosia kiinteist\u00f6llesi. Huollettu sauma sen sijaan lis\u00e4\u00e4 vuosia entisest\u00e4\u00e4n. Saumat tuleekin tarkistaa s\u00e4\u00e4nn\u00f6llisin v\u00e4liajoin ja tarvittaessa uusia tai huoltaa.<\/p>\n<p>N\u00e4in v\u00e4ltet\u00e4\u00e4n vahinkojen levi\u00e4minen ja parhaassa tapauksessa ne pystyt\u00e4\u00e4n est\u00e4m\u00e4\u00e4n kokonaan. Ammattitaitoisen sauman huoltov\u00e4li on jopa 10-15 vuotta.<\/p>\n<p>Lue alta lis\u00e4\u00e4 saumauspalveluistamme ja kysy lis\u00e4\u00e4!<\/p>\n\t\t\t\t\t\t\t\t<\/div>\n\t\t\t\t<\/div>\n\t\t\t\t\t<\/div>\n\t\t<\/div>\n\t\t\t\t<div class=\"elementor-column elementor-col-33 elementor-top-column elementor-element elementor-element-2404c2bf\" data-id=\"2404c2bf\" data-element_type=\"column\">\n\t\t\t<div class=\"elementor-widget-wrap elementor-element-populated\">\n\t\t\t\t\t\t<div class=\"elementor-element elementor-element-59648940 elementor-widget elementor-widget-image\" data-id=\"59648940\" data-element_type=\"widget\" data-widget_type=\"image.default\">\n\t\t\t\t<div class=\"elementor-widget-container\">\n\t\t\t\t\t\t\t\t\t\t\t\t\t\t\t<img fetchpriority=\"high\" decoding=\"async\" width=\"600\" height=\"400\" src=\"https:\/\/fireoff.ee\/wp-content\/uploads\/2020\/03\/tihendustood.jpg\" class=\"attachment-full size-full wp-image-705\" alt=\"Saumaus\" srcset=\"https:\/\/fireoff.ee\/wp-content\/uploads\/2020\/03\/tihendustood.jpg 600w, https:\/\/fireoff.ee\/wp-content\/uploads\/2020\/03\/tihendustood-300x200.jpg 300w\" sizes=\"(max-width: 600px) 100vw, 600px\" \/>\t\t\t\t\t\t\t\t\t\t\t\t\t\t\t<\/div>\n\t\t\t\t<\/div>\n\t\t\t\t\t<\/div>\n\t\t<\/div>\n\t\t\t\t\t<\/div>\n\t\t<\/section>\n\t\t\t\t<section class=\"elementor-section elementor-top-section elementor-element elementor-element-4c5d165f elementor-section-boxed elementor-section-height-default elementor-section-height-default\" data-id=\"4c5d165f\" data-element_type=\"section\" data-settings=\"{&quot;background_background&quot;:&quot;classic&quot;}\">\n\t\t\t\t\t\t\t<div class=\"elementor-background-overlay\"><\/div>\n\t\t\t\t\t\t\t<div class=\"elementor-container elementor-column-gap-wide\">\n\t\t\t\t\t<div class=\"elementor-column elementor-col-33 elementor-top-column elementor-element elementor-element-1cb56d5b\" data-id=\"1cb56d5b\" data-element_type=\"column\">\n\t\t\t<div class=\"elementor-widget-wrap elementor-element-populated\">\n\t\t\t\t\t\t<div class=\"elementor-element elementor-element-7b519ecd elementor-widget elementor-widget-heading\" data-id=\"7b519ecd\" data-element_type=\"widget\" data-widget_type=\"heading.default\">\n\t\t\t\t<div class=\"elementor-widget-container\">\n\t\t\t\t\t<h3 class=\"elementor-heading-title elementor-size-default\">Elementti- ja palosaumaukset<\/h3>\t\t\t\t<\/div>\n\t\t\t\t<\/div>\n\t\t\t\t<div class=\"elementor-element elementor-element-45e49a20 elementor-widget elementor-widget-button\" data-id=\"45e49a20\" data-element_type=\"widget\" data-widget_type=\"button.default\">\n\t\t\t\t<div class=\"elementor-widget-container\">\n\t\t\t\t\t\t\t\t\t<div class=\"elementor-button-wrapper\">\n\t\t\t\t\t<a class=\"elementor-button elementor-button-link elementor-size-md elementor-animation-grow\" href=\"https:\/\/fireoff.ee\/fi\/yhteystiedot\/\">\n\t\t\t\t\t\t<span class=\"elementor-button-content-wrapper\">\n\t\t\t\t\t\t<span class=\"elementor-button-icon\">\n\t\t\t\t<i aria-hidden=\"true\" class=\"fas fa-arrow-alt-circle-right\"><\/i>\t\t\t<\/span>\n\t\t\t\t\t\t\t\t\t<span class=\"elementor-button-text\">Soita meille<\/span>\n\t\t\t\t\t<\/span>\n\t\t\t\t\t<\/a>\n\t\t\t\t<\/div>\n\t\t\t\t\t\t\t\t<\/div>\n\t\t\t\t<\/div>\n\t\t\t\t\t<\/div>\n\t\t<\/div>\n\t\t\t\t<div class=\"elementor-column elementor-col-66 elementor-top-column elementor-element elementor-element-17589c5c\" data-id=\"17589c5c\" data-element_type=\"column\">\n\t\t\t<div class=\"elementor-widget-wrap elementor-element-populated\">\n\t\t\t\t\t\t<div class=\"elementor-element elementor-element-4a639db1 elementor-widget elementor-widget-text-editor\" data-id=\"4a639db1\" data-element_type=\"widget\" data-widget_type=\"text-editor.default\">\n\t\t\t\t<div class=\"elementor-widget-container\">\n\t\t\t\t\t\t\t\t\t<p>Kovat materiaalit, kuten betoni ja metalli, vaativat pehme\u00e4n ja joustavan saumausaineen v\u00e4liin. N\u00e4in saumakohdat eiv\u00e4t nakerra elementtien rakenteellisia ominaisuuksia vuosien saatossa. Elementtisaumaus my\u00f6s est\u00e4\u00e4 s\u00e4\u00e4olosuhteiden p\u00e4\u00e4syn rakenteisiin.<\/p>\n<p>Elementtisauman pett\u00e4ess\u00e4 kosteus ja muut ulkoilman elementit p\u00e4\u00e4sev\u00e4t pahimmassa tapauksessa tekem\u00e4\u00e4n tuhoja sis\u00e4tilarakenteissa. Elementtien ja osastojen v\u00e4liset palosaumaukset puolestaan est\u00e4v\u00e4t palon etenemisen rakennuksessa.<\/p>\n<p>Niiden avulla voidaan tulipalon aiheuttamat aineelliset vahingot parhaassa tapauksessa rajata pienellekin alueelle. Teemme uudis\u2013\u00a0 ja saneerauskohteiden elementti- ja palosaumauksia niin sis\u00e4lle kuin ulos. Palveluihimme kuuluu lis\u00e4ksi vanhojen saumojen kuntokartoitukset.<\/p>\n\t\t\t\t\t\t\t\t<\/div>\n\t\t\t\t<\/div>\n\t\t\t\t\t<\/div>\n\t\t<\/div>\n\t\t\t\t\t<\/div>\n\t\t<\/section>\n\t\t\t\t<section class=\"elementor-section elementor-top-section elementor-element elementor-element-6a41a95f elementor-section-boxed elementor-section-height-default elementor-section-height-default\" data-id=\"6a41a95f\" data-element_type=\"section\">\n\t\t\t\t\t\t<div class=\"elementor-container elementor-column-gap-wide\">\n\t\t\t\t\t<div class=\"elementor-column elementor-col-50 elementor-top-column elementor-element elementor-element-3c84ed2f\" data-id=\"3c84ed2f\" data-element_type=\"column\">\n\t\t\t<div class=\"elementor-widget-wrap elementor-element-populated\">\n\t\t\t\t\t\t<div class=\"elementor-element elementor-element-3ecf39c0 elementor-widget elementor-widget-heading\" data-id=\"3ecf39c0\" data-element_type=\"widget\" data-widget_type=\"heading.default\">\n\t\t\t\t<div class=\"elementor-widget-container\">\n\t\t\t\t\t<h2 class=\"elementor-heading-title elementor-size-default\">\u00c4\u00e4nieristys-, silikoni- ja akryylisaumaukset sek\u00e4 muut elastiset saumaukset<\/h2>\t\t\t\t<\/div>\n\t\t\t\t<\/div>\n\t\t\t\t<div class=\"elementor-element elementor-element-78da914e elementor-widget elementor-widget-text-editor\" data-id=\"78da914e\" data-element_type=\"widget\" data-widget_type=\"text-editor.default\">\n\t\t\t\t<div class=\"elementor-widget-container\">\n\t\t\t\t\t\t\t\t\t<p>Sis\u00e4tiloissa \u00e4\u00e4ni, erilaiset hajut ja l\u00e4mp\u00f6 vaikuttavat k\u00e4ytt\u00f6kokemukseen. Kovien \u00e4\u00e4nten kulkeutuminen kadulta tai tuotantotiloista h\u00e4iritsee. Samoin esimerkiksi keitti\u00f6- tai wc-tiloista tulevat hajut koetaan monesti ep\u00e4miellytt\u00e4viksi.<\/p>\n<p>Saumauksella voidaan vaikuttaa my\u00f6s n\u00e4iden aistinvaraisten tekij\u00f6iden siirtymiseen kiinteist\u00f6ss\u00e4. Teemme kattavasti erilaisia \u00e4\u00e4nieristys-, silikoni- ja akryylisaumauksia. Kerromme mielell\u00e4mme lis\u00e4\u00e4 elastisten saumausten mahdollisuuksista ja k\u00e4ytt\u00f6kohteista.<\/p>\n\t\t\t\t\t\t\t\t<\/div>\n\t\t\t\t<\/div>\n\t\t\t\t\t<\/div>\n\t\t<\/div>\n\t\t\t\t<div class=\"elementor-column elementor-col-50 elementor-top-column elementor-element elementor-element-247ef5a7\" data-id=\"247ef5a7\" data-element_type=\"column\">\n\t\t\t<div class=\"elementor-widget-wrap elementor-element-populated\">\n\t\t\t\t\t\t<div class=\"elementor-element elementor-element-630cb702 elementor-widget elementor-widget-heading\" data-id=\"630cb702\" data-element_type=\"widget\" data-widget_type=\"heading.default\">\n\t\t\t\t<div class=\"elementor-widget-container\">\n\t\t\t\t\t<h2 class=\"elementor-heading-title elementor-size-default\">Elementtisaumojen kuntokartoitukset<\/h2>\t\t\t\t<\/div>\n\t\t\t\t<\/div>\n\t\t\t\t<div class=\"elementor-element elementor-element-5afa3216 elementor-widget elementor-widget-text-editor\" data-id=\"5afa3216\" data-element_type=\"widget\" data-widget_type=\"text-editor.default\">\n\t\t\t\t<div class=\"elementor-widget-container\">\n\t\t\t\t\t\t\t\t\t<p>Kaikkien saumojen, mutta erityisesti elementtisaumojen kunto tulisi kartoittaa s\u00e4\u00e4nn\u00f6llisin v\u00e4liajoin. S\u00e4\u00e4olosuhteiden p\u00e4\u00e4seminen kiinteist\u00f6n rakenteisiin voi aiheuttaa mittavia vaurioita sis\u00e4tiloissa.<\/p>\n<p>\u00c4l\u00e4 anna huoltamattoman sauman pilata kiinteist\u00f6\u00e4si, tilaa meilt\u00e4 ammattitaitoinen elementtisaumojen kuntokartoitus. Teemme kattavan kartoituksen joustavasti. Puutteiden ilmetess\u00e4 teemme sinulle ehdotuksen korjaustoimenpiteist\u00e4.<\/p>\n\t\t\t\t\t\t\t\t<\/div>\n\t\t\t\t<\/div>\n\t\t\t\t\t<\/div>\n\t\t<\/div>\n\t\t\t\t\t<\/div>\n\t\t<\/section>\n\t\t\t\t<\/div>\n\t\t","protected":false},"excerpt":{"rendered":"<p>Kest\u00e4v\u00e4 elementtisaumaus lis\u00e4\u00e4 kiinteist\u00f6si elinvuosia Saumakohdat ovat niin sis\u00e4ll\u00e4 kuin ulkonakin suurimman rasituksen alla. Ulkona s\u00e4\u00e4olosuhteet piiskaavat saumoja armotta ja sis\u00e4ll\u00e4 kulumista aiheuttaa kuiva sis\u00e4ilma [&hellip;]<\/p>\n","protected":false},"author":1,"featured_media":0,"parent":0,"menu_order":0,"comment_status":"closed","ping_status":"closed","template":"","meta":{"site-sidebar-layout":"default","site-content-layout":"page-builder","ast-site-content-layout":"default","site-content-style":"default","site-sidebar-style":"default","ast-global-header-display":"","ast-banner-title-visibility":"","ast-main-header-display":"","ast-hfb-above-header-display":"","ast-hfb-below-header-display":"","ast-hfb-mobile-header-display":"","site-post-title":"disabled","ast-breadcrumbs-content":"","ast-featured-img":"","footer-sml-layout":"","theme-transparent-header-meta":"default","adv-header-id-meta":"","stick-header-meta":"default","header-above-stick-meta":"","header-main-stick-meta":"","header-below-stick-meta":"","astra-migrate-meta-layouts":"default","ast-page-background-enabled":"default","ast-page-background-meta":{"desktop":{"background-color":"var(--ast-global-color-4)","background-image":"","background-repeat":"repeat","background-position":"center center","background-size":"auto","background-attachment":"scroll","background-type":"","background-media":"","overlay-type":"","overlay-color":"","overlay-opacity":"","overlay-gradient":""},"tablet":{"background-color":"","background-image":"","background-repeat":"repeat","background-position":"center center","background-size":"auto","background-attachment":"scroll","background-type":"","background-media":"","overlay-type":"","overlay-color":"","overlay-opacity":"","overlay-gradient":""},"mobile":{"background-color":"","background-image":"","background-repeat":"repeat","background-position":"center center","background-size":"auto","background-attachment":"scroll","background-type":"","background-media":"","overlay-type":"","overlay-color":"","overlay-opacity":"","overlay-gradient":""}},"ast-content-background-meta":{"desktop":{"background-color":"var(--ast-global-color-5)","background-image":"","background-repeat":"repeat","background-position":"center center","background-size":"auto","background-attachment":"scroll","background-type":"","background-media":"","overlay-type":"","overlay-color":"","overlay-opacity":"","overlay-gradient":""},"tablet":{"background-color":"var(--ast-global-color-5)","background-image":"","background-repeat":"repeat","background-position":"center center","background-size":"auto","background-attachment":"scroll","background-type":"","background-media":"","overlay-type":"","overlay-color":"","overlay-opacity":"","overlay-gradient":""},"mobile":{"background-color":"var(--ast-global-color-5)","background-image":"","background-repeat":"repeat","background-position":"center center","background-size":"auto","background-attachment":"scroll","background-type":"","background-media":"","overlay-type":"","overlay-color":"","overlay-opacity":"","overlay-gradient":""}},"footnotes":""},"class_list":["post-703","page","type-page","status-publish","hentry"],"_links":{"self":[{"href":"https:\/\/fireoff.ee\/fi\/wp-json\/wp\/v2\/pages\/703","targetHints":{"allow":["GET"]}}],"collection":[{"href":"https:\/\/fireoff.ee\/fi\/wp-json\/wp\/v2\/pages"}],"about":[{"href":"https:\/\/fireoff.ee\/fi\/wp-json\/wp\/v2\/types\/page"}],"author":[{"embeddable":true,"href":"https:\/\/fireoff.ee\/fi\/wp-json\/wp\/v2\/users\/1"}],"replies":[{"embeddable":true,"href":"https:\/\/fireoff.ee\/fi\/wp-json\/wp\/v2\/comments?post=703"}],"version-history":[{"count":3,"href":"https:\/\/fireoff.ee\/fi\/wp-json\/wp\/v2\/pages\/703\/revisions"}],"predecessor-version":[{"id":808,"href":"https:\/\/fireoff.ee\/fi\/wp-json\/wp\/v2\/pages\/703\/revisions\/808"}],"wp:attachment":[{"href":"https:\/\/fireoff.ee\/fi\/wp-json\/wp\/v2\/media?parent=703"}],"curies":[{"name":"wp","href":"https:\/\/api.w.org\/{rel}","templated":true}]}}