{"id":744,"date":"2020-03-12T12:00:45","date_gmt":"2020-03-12T10:00:45","guid":{"rendered":"https:\/\/priit.veebikoda.com\/palvelut\/"},"modified":"2020-03-12T12:06:44","modified_gmt":"2020-03-12T10:06:44","slug":"palvelut","status":"publish","type":"page","link":"https:\/\/fireoff.ee\/fi\/palvelut\/","title":{"rendered":"Palvelut"},"content":{"rendered":"\t\t<div data-elementor-type=\"wp-page\" data-elementor-id=\"744\" class=\"elementor elementor-744 elementor-77\">\n\t\t\t\t\t\t<section class=\"elementor-section elementor-top-section elementor-element elementor-element-3343e4e elementor-section-boxed elementor-section-height-default elementor-section-height-default\" data-id=\"3343e4e\" data-element_type=\"section\">\n\t\t\t\t\t\t<div class=\"elementor-container elementor-column-gap-default\">\n\t\t\t\t\t<div class=\"elementor-column elementor-col-100 elementor-top-column elementor-element elementor-element-be5559b\" data-id=\"be5559b\" data-element_type=\"column\">\n\t\t\t<div class=\"elementor-widget-wrap elementor-element-populated\">\n\t\t\t\t\t\t<div class=\"elementor-element elementor-element-30df1b7 elementor-widget elementor-widget-shortcode\" data-id=\"30df1b7\" data-element_type=\"widget\" id=\"breadcrumb\" data-widget_type=\"shortcode.default\">\n\t\t\t\t<div class=\"elementor-widget-container\">\n\t\t\t\t\t\t\t<div class=\"elementor-shortcode\"><nav aria-label=\"breadcrumbs\" class=\"rank-math-breadcrumb\"><p><span class=\"last\">Home<\/span><\/p><\/nav><\/div>\n\t\t\t\t\t\t<\/div>\n\t\t\t\t<\/div>\n\t\t\t\t\t<\/div>\n\t\t<\/div>\n\t\t\t\t\t<\/div>\n\t\t<\/section>\n\t\t\t\t<section class=\"elementor-section elementor-top-section elementor-element elementor-element-7383dfb elementor-section-boxed elementor-section-height-default elementor-section-height-default\" data-id=\"7383dfb\" data-element_type=\"section\">\n\t\t\t\t\t\t<div class=\"elementor-container elementor-column-gap-extended\">\n\t\t\t\t\t<div class=\"elementor-column elementor-col-66 elementor-top-column elementor-element elementor-element-85acc2a\" data-id=\"85acc2a\" data-element_type=\"column\">\n\t\t\t<div class=\"elementor-widget-wrap elementor-element-populated\">\n\t\t\t\t\t\t<div class=\"elementor-element elementor-element-31dd44d elementor-widget elementor-widget-heading\" data-id=\"31dd44d\" data-element_type=\"widget\" data-widget_type=\"heading.default\">\n\t\t\t\t<div class=\"elementor-widget-container\">\n\t\t\t\t\t<h1 class=\"elementor-heading-title elementor-size-default\">Kaikki palokatkopalvelut saman katon alta<\/h1>\t\t\t\t<\/div>\n\t\t\t\t<\/div>\n\t\t\t\t<div class=\"elementor-element elementor-element-608b611 elementor-widget elementor-widget-text-editor\" data-id=\"608b611\" data-element_type=\"widget\" data-widget_type=\"text-editor.default\">\n\t\t\t\t<div class=\"elementor-widget-container\">\n\t\t\t\t\t\t\t\t\t<p>Tulipalojen aiheuttamat aineelliset vahingot kohoavat vuosittain jopa 200 miljoonaan euroon. Eik\u00e4 summa viel\u00e4 sis\u00e4ll\u00e4 henkil\u00f6vahinkojen aiheuttamia kustannuksia. Paloturvallisuuden parantaminen palokatkojen ja muiden palosuojaustoimenpiteiden avulla maksaa itsens\u00e4 nopeasti takaisin.<\/p>\n<p>Fireoff Oy tarjoaa kaikki palokatkopalvelut saman katon alta. Suunnittelemme ja asennamme palokatkoja, teemme saumauksia sek\u00e4 muita palosuojaustoimenpiteit\u00e4. Saat meilt\u00e4 my\u00f6s huolto \u2013\u00a0 ja kunnossapitopalvelut rakennuksesi paloturvallisuuskokonaisuudelle. Tutustu palveluihimme ja kysy lis\u00e4\u00e4!<\/p>\n<p><img decoding=\"async\" id=\"floatBarImgId\" style=\"display: none; opacity: 0; position: absolute; z-index: 2147483647;\" src=\"chrome-extension:\/\/dbkmjjclgbiooljcegcddagnddjedmed\/pics\/save2-32.png\" \/><\/p>\n\t\t\t\t\t\t\t\t<\/div>\n\t\t\t\t<\/div>\n\t\t\t\t\t<\/div>\n\t\t<\/div>\n\t\t\t\t<div class=\"elementor-column elementor-col-33 elementor-top-column elementor-element elementor-element-d876205\" data-id=\"d876205\" data-element_type=\"column\">\n\t\t\t<div class=\"elementor-widget-wrap elementor-element-populated\">\n\t\t\t\t\t\t<div class=\"elementor-element elementor-element-099e86b elementor-widget elementor-widget-image\" data-id=\"099e86b\" data-element_type=\"widget\" data-widget_type=\"image.default\">\n\t\t\t\t<div class=\"elementor-widget-container\">\n\t\t\t\t\t\t\t\t\t\t\t\t\t\t\t<img fetchpriority=\"high\" decoding=\"async\" width=\"400\" height=\"300\" src=\"https:\/\/fireoff.ee\/wp-content\/uploads\/2020\/02\/tuletokketeenused.jpg\" class=\"attachment-full size-full wp-image-670\" alt=\"Palosuojaus\" srcset=\"https:\/\/fireoff.ee\/wp-content\/uploads\/2020\/02\/tuletokketeenused.jpg 400w, https:\/\/fireoff.ee\/wp-content\/uploads\/2020\/02\/tuletokketeenused-300x225.jpg 300w\" sizes=\"(max-width: 400px) 100vw, 400px\" \/>\t\t\t\t\t\t\t\t\t\t\t\t\t\t\t<\/div>\n\t\t\t\t<\/div>\n\t\t\t\t\t<\/div>\n\t\t<\/div>\n\t\t\t\t\t<\/div>\n\t\t<\/section>\n\t\t\t\t<section class=\"elementor-section elementor-top-section elementor-element elementor-element-cb75174 elementor-section-boxed elementor-section-height-default elementor-section-height-default\" data-id=\"cb75174\" data-element_type=\"section\" data-settings=\"{&quot;background_background&quot;:&quot;classic&quot;}\">\n\t\t\t\t\t\t\t<div class=\"elementor-background-overlay\"><\/div>\n\t\t\t\t\t\t\t<div class=\"elementor-container elementor-column-gap-wide\">\n\t\t\t\t\t<div class=\"elementor-column elementor-col-33 elementor-top-column elementor-element elementor-element-8583a36\" data-id=\"8583a36\" data-element_type=\"column\">\n\t\t\t<div class=\"elementor-widget-wrap elementor-element-populated\">\n\t\t\t\t\t\t<div class=\"elementor-element elementor-element-f91152d elementor-widget elementor-widget-heading\" data-id=\"f91152d\" data-element_type=\"widget\" data-widget_type=\"heading.default\">\n\t\t\t\t<div class=\"elementor-widget-container\">\n\t\t\t\t\t<h3 class=\"elementor-heading-title elementor-size-default\">Asiantuntija kumppaninasi paloturvallisuudessa<\/h3>\t\t\t\t<\/div>\n\t\t\t\t<\/div>\n\t\t\t\t<div class=\"elementor-element elementor-element-96a159c elementor-widget elementor-widget-button\" data-id=\"96a159c\" data-element_type=\"widget\" data-widget_type=\"button.default\">\n\t\t\t\t<div class=\"elementor-widget-container\">\n\t\t\t\t\t\t\t\t\t<div class=\"elementor-button-wrapper\">\n\t\t\t\t\t<a class=\"elementor-button elementor-button-link elementor-size-md elementor-animation-grow\" href=\"https:\/\/fireoff.ee\/fi\/yhteystiedot\/\">\n\t\t\t\t\t\t<span class=\"elementor-button-content-wrapper\">\n\t\t\t\t\t\t<span class=\"elementor-button-icon\">\n\t\t\t\t<i aria-hidden=\"true\" class=\"fas fa-arrow-alt-circle-right\"><\/i>\t\t\t<\/span>\n\t\t\t\t\t\t\t\t\t<span class=\"elementor-button-text\">Soita meille<\/span>\n\t\t\t\t\t<\/span>\n\t\t\t\t\t<\/a>\n\t\t\t\t<\/div>\n\t\t\t\t\t\t\t\t<\/div>\n\t\t\t\t<\/div>\n\t\t\t\t\t<\/div>\n\t\t<\/div>\n\t\t\t\t<div class=\"elementor-column elementor-col-66 elementor-top-column elementor-element elementor-element-173542b\" data-id=\"173542b\" data-element_type=\"column\">\n\t\t\t<div class=\"elementor-widget-wrap elementor-element-populated\">\n\t\t\t\t\t\t<div class=\"elementor-element elementor-element-ec04ea6 elementor-widget elementor-widget-text-editor\" data-id=\"ec04ea6\" data-element_type=\"widget\" data-widget_type=\"text-editor.default\">\n\t\t\t\t<div class=\"elementor-widget-container\">\n\t\t\t\t\t\t\t\t\t<p>Palokatkot hidastavat ja est\u00e4v\u00e4t palon etenemist\u00e4 rakennuksessa. Samalla ne est\u00e4v\u00e4t myrkyllisten kaasujen levi\u00e4misen. Jakamalla rakennus palo-osastoihin rajoitetaan savun levi\u00e4minen ja minimoidaan omaisuusvahingot tehokkaasti.<\/p>\n<p>Osastojen l\u00e4pi kulkevien kaapeleiden ja putkien saumaus on t\u00e4rke\u00e4 osa palokatkoa. N\u00e4in liekit ja savu eiv\u00e4t p\u00e4\u00e4se etenem\u00e4\u00e4n t\u00e4t\u00e4k\u00e4\u00e4n reitti\u00e4. Asiantuntemuksella ja laadukkailla tarvikkeilla rakennetut palo-osastot lis\u00e4\u00e4v\u00e4t rakennuksesi paloturvallisuutta.<\/p>\n<p>Fireoff Oy k\u00e4ytt\u00e4\u00e4 vain sertifioituja ty\u00f6menetelmi\u00e4 ja -v\u00e4lineit\u00e4 kaikissa palosuojapalveluissaan. Panostamme laadukkaaseen ja siistiin j\u00e4lkeen ty\u00f6ss\u00e4mme.<\/p>\n<p>Lopputulos on aina turvallinen ja laadukas, sill\u00e4 turvallisuutesi on meille p\u00e4\u00e4asia! Kun tarvitset luotettavaa kumppania, soita tai j\u00e4t\u00e4 tarjouspyynt\u00f6. Olemme sinuun mahdollisimman pian yhteydess\u00e4, jotta saat mielenrauhan rakennuksesi paloturvallisuudesta.<\/p>\n<p><img decoding=\"async\" id=\"floatBarImgId\" style=\"display: none; opacity: 0; position: absolute; z-index: 2147483647;\" src=\"chrome-extension:\/\/dbkmjjclgbiooljcegcddagnddjedmed\/pics\/save2-32.png\" \/><\/p>\n\t\t\t\t\t\t\t\t<\/div>\n\t\t\t\t<\/div>\n\t\t\t\t\t<\/div>\n\t\t<\/div>\n\t\t\t\t\t<\/div>\n\t\t<\/section>\n\t\t\t\t<section class=\"elementor-section elementor-top-section elementor-element elementor-element-d0fa8ef elementor-section-boxed elementor-section-height-default elementor-section-height-default\" data-id=\"d0fa8ef\" data-element_type=\"section\">\n\t\t\t\t\t\t<div class=\"elementor-container elementor-column-gap-default\">\n\t\t\t\t\t<div class=\"elementor-column elementor-col-100 elementor-top-column elementor-element elementor-element-8ece195\" data-id=\"8ece195\" data-element_type=\"column\">\n\t\t\t<div class=\"elementor-widget-wrap elementor-element-populated\">\n\t\t\t\t\t\t<div class=\"elementor-element elementor-element-c110053 elementor-widget elementor-widget-heading\" data-id=\"c110053\" data-element_type=\"widget\" data-widget_type=\"heading.default\">\n\t\t\t\t<div class=\"elementor-widget-container\">\n\t\t\t\t\t<h2 class=\"elementor-heading-title elementor-size-default\">Palvelumme<\/h2>\t\t\t\t<\/div>\n\t\t\t\t<\/div>\n\t\t\t\t\t<\/div>\n\t\t<\/div>\n\t\t\t\t\t<\/div>\n\t\t<\/section>\n\t\t\t\t<section class=\"elementor-section elementor-top-section elementor-element elementor-element-dd5d326 elementor-section-boxed elementor-section-height-default elementor-section-height-default\" data-id=\"dd5d326\" data-element_type=\"section\">\n\t\t\t\t\t\t<div class=\"elementor-container elementor-column-gap-no\">\n\t\t\t\t\t<div class=\"elementor-column elementor-col-33 elementor-top-column elementor-element elementor-element-3190726\" data-id=\"3190726\" data-element_type=\"column\">\n\t\t\t<div class=\"elementor-widget-wrap elementor-element-populated\">\n\t\t\t\t\t\t<div class=\"elementor-element elementor-element-b601047 elementor-position-top elementor-widget elementor-widget-image-box\" data-id=\"b601047\" data-element_type=\"widget\" data-widget_type=\"image-box.default\">\n\t\t\t\t<div class=\"elementor-widget-container\">\n\t\t\t\t\t<div class=\"elementor-image-box-wrapper\"><figure class=\"elementor-image-box-img\"><a href=\"https:\/\/fireoff.ee\/fi\/palokatkot\/\" tabindex=\"-1\"><img decoding=\"async\" width=\"256\" height=\"256\" src=\"https:\/\/fireoff.ee\/wp-content\/uploads\/2020\/02\/tuletokketeenused.png\" class=\"attachment-full size-full wp-image-747\" alt=\"Palokatkot\" srcset=\"https:\/\/fireoff.ee\/wp-content\/uploads\/2020\/02\/tuletokketeenused.png 256w, https:\/\/fireoff.ee\/wp-content\/uploads\/2020\/02\/tuletokketeenused-150x150.png 150w\" sizes=\"(max-width: 256px) 100vw, 256px\" \/><\/a><\/figure><div class=\"elementor-image-box-content\"><h2 class=\"elementor-image-box-title\"><a href=\"https:\/\/fireoff.ee\/fi\/palokatkot\/\">Palokatkot<\/a><\/h2><\/div><\/div>\t\t\t\t<\/div>\n\t\t\t\t<\/div>\n\t\t\t\t\t<\/div>\n\t\t<\/div>\n\t\t\t\t<div class=\"elementor-column elementor-col-33 elementor-top-column elementor-element elementor-element-89ff2a2\" data-id=\"89ff2a2\" data-element_type=\"column\">\n\t\t\t<div class=\"elementor-widget-wrap elementor-element-populated\">\n\t\t\t\t\t\t<div class=\"elementor-element elementor-element-7327acf elementor-position-top elementor-widget elementor-widget-image-box\" data-id=\"7327acf\" data-element_type=\"widget\" data-widget_type=\"image-box.default\">\n\t\t\t\t<div class=\"elementor-widget-container\">\n\t\t\t\t\t<div class=\"elementor-image-box-wrapper\"><figure class=\"elementor-image-box-img\"><a href=\"https:\/\/fireoff.ee\/fi\/palosuojaus\/\" tabindex=\"-1\"><img decoding=\"async\" width=\"256\" height=\"256\" src=\"https:\/\/fireoff.ee\/wp-content\/uploads\/2020\/02\/tuletokketeenused.png\" class=\"attachment-full size-full wp-image-747\" alt=\"Palokatkot\" srcset=\"https:\/\/fireoff.ee\/wp-content\/uploads\/2020\/02\/tuletokketeenused.png 256w, https:\/\/fireoff.ee\/wp-content\/uploads\/2020\/02\/tuletokketeenused-150x150.png 150w\" sizes=\"(max-width: 256px) 100vw, 256px\" \/><\/a><\/figure><div class=\"elementor-image-box-content\"><h3 class=\"elementor-image-box-title\"><a href=\"https:\/\/fireoff.ee\/fi\/palosuojaus\/\">Palosuojaus<\/a><\/h3><\/div><\/div>\t\t\t\t<\/div>\n\t\t\t\t<\/div>\n\t\t\t\t\t<\/div>\n\t\t<\/div>\n\t\t\t\t<div class=\"elementor-column elementor-col-33 elementor-top-column elementor-element elementor-element-d33597e\" data-id=\"d33597e\" data-element_type=\"column\">\n\t\t\t<div class=\"elementor-widget-wrap elementor-element-populated\">\n\t\t\t\t\t\t<div class=\"elementor-element elementor-element-1c3fbe6 elementor-position-top elementor-widget elementor-widget-image-box\" data-id=\"1c3fbe6\" data-element_type=\"widget\" data-widget_type=\"image-box.default\">\n\t\t\t\t<div class=\"elementor-widget-container\">\n\t\t\t\t\t<div class=\"elementor-image-box-wrapper\"><figure class=\"elementor-image-box-img\"><a href=\"https:\/\/fireoff.ee\/fi\/palokatkosuunnittelu\/\" tabindex=\"-1\"><img decoding=\"async\" width=\"256\" height=\"256\" src=\"https:\/\/fireoff.ee\/wp-content\/uploads\/2020\/02\/tuletokketeenused.png\" class=\"attachment-full size-full wp-image-747\" alt=\"Palokatkot\" srcset=\"https:\/\/fireoff.ee\/wp-content\/uploads\/2020\/02\/tuletokketeenused.png 256w, https:\/\/fireoff.ee\/wp-content\/uploads\/2020\/02\/tuletokketeenused-150x150.png 150w\" sizes=\"(max-width: 256px) 100vw, 256px\" \/><\/a><\/figure><div class=\"elementor-image-box-content\"><h3 class=\"elementor-image-box-title\"><a href=\"https:\/\/fireoff.ee\/fi\/palokatkosuunnittelu\/\">Palokatkosuunnittelu<\/a><\/h3><\/div><\/div>\t\t\t\t<\/div>\n\t\t\t\t<\/div>\n\t\t\t\t\t<\/div>\n\t\t<\/div>\n\t\t\t\t\t<\/div>\n\t\t<\/section>\n\t\t\t\t<section class=\"elementor-section elementor-top-section elementor-element elementor-element-3deee10 elementor-section-boxed elementor-section-height-default elementor-section-height-default\" data-id=\"3deee10\" data-element_type=\"section\">\n\t\t\t\t\t\t<div class=\"elementor-container elementor-column-gap-no\">\n\t\t\t\t\t<div class=\"elementor-column elementor-col-33 elementor-top-column elementor-element elementor-element-b5e746e\" data-id=\"b5e746e\" data-element_type=\"column\">\n\t\t\t<div class=\"elementor-widget-wrap elementor-element-populated\">\n\t\t\t\t\t\t<div class=\"elementor-element elementor-element-879f59f elementor-position-top elementor-widget elementor-widget-image-box\" data-id=\"879f59f\" data-element_type=\"widget\" data-widget_type=\"image-box.default\">\n\t\t\t\t<div class=\"elementor-widget-container\">\n\t\t\t\t\t<div class=\"elementor-image-box-wrapper\"><figure class=\"elementor-image-box-img\"><a href=\"https:\/\/fireoff.ee\/fi\/huolto-ja-kunnossapitopalvelut\/\" tabindex=\"-1\"><img decoding=\"async\" width=\"256\" height=\"256\" src=\"https:\/\/fireoff.ee\/wp-content\/uploads\/2020\/02\/tuletokketeenused.png\" class=\"attachment-full size-full wp-image-747\" alt=\"Palokatkot\" srcset=\"https:\/\/fireoff.ee\/wp-content\/uploads\/2020\/02\/tuletokketeenused.png 256w, https:\/\/fireoff.ee\/wp-content\/uploads\/2020\/02\/tuletokketeenused-150x150.png 150w\" sizes=\"(max-width: 256px) 100vw, 256px\" \/><\/a><\/figure><div class=\"elementor-image-box-content\"><h3 class=\"elementor-image-box-title\"><a href=\"https:\/\/fireoff.ee\/fi\/huolto-ja-kunnossapitopalvelut\/\">Huolto- ja kunnossapitopalvelut<\/a><\/h3><\/div><\/div>\t\t\t\t<\/div>\n\t\t\t\t<\/div>\n\t\t\t\t\t<\/div>\n\t\t<\/div>\n\t\t\t\t<div class=\"elementor-column elementor-col-33 elementor-top-column elementor-element elementor-element-c2d0cbe\" data-id=\"c2d0cbe\" data-element_type=\"column\">\n\t\t\t<div class=\"elementor-widget-wrap elementor-element-populated\">\n\t\t\t\t\t\t<div class=\"elementor-element elementor-element-6f19765 elementor-position-top elementor-widget elementor-widget-image-box\" data-id=\"6f19765\" data-element_type=\"widget\" data-widget_type=\"image-box.default\">\n\t\t\t\t<div class=\"elementor-widget-container\">\n\t\t\t\t\t<div class=\"elementor-image-box-wrapper\"><figure class=\"elementor-image-box-img\"><a href=\"https:\/\/fireoff.ee\/fi\/saumaus\/\" tabindex=\"-1\"><img decoding=\"async\" width=\"256\" height=\"256\" src=\"https:\/\/fireoff.ee\/wp-content\/uploads\/2020\/02\/tuletokketeenused.png\" class=\"attachment-full size-full wp-image-747\" alt=\"Palokatkot\" srcset=\"https:\/\/fireoff.ee\/wp-content\/uploads\/2020\/02\/tuletokketeenused.png 256w, https:\/\/fireoff.ee\/wp-content\/uploads\/2020\/02\/tuletokketeenused-150x150.png 150w\" sizes=\"(max-width: 256px) 100vw, 256px\" \/><\/a><\/figure><div class=\"elementor-image-box-content\"><h3 class=\"elementor-image-box-title\"><a href=\"https:\/\/fireoff.ee\/fi\/saumaus\/\">Saumaus<\/a><\/h3><\/div><\/div>\t\t\t\t<\/div>\n\t\t\t\t<\/div>\n\t\t\t\t\t<\/div>\n\t\t<\/div>\n\t\t\t\t<div class=\"elementor-column elementor-col-33 elementor-top-column elementor-element elementor-element-e3255c4\" data-id=\"e3255c4\" data-element_type=\"column\">\n\t\t\t<div class=\"elementor-widget-wrap\">\n\t\t\t\t\t\t\t<\/div>\n\t\t<\/div>\n\t\t\t\t\t<\/div>\n\t\t<\/section>\n\t\t\t\t<\/div>\n\t\t","protected":false},"excerpt":{"rendered":"<p>Kaikki palokatkopalvelut saman katon alta Tulipalojen aiheuttamat aineelliset vahingot kohoavat vuosittain jopa 200 miljoonaan euroon. Eik\u00e4 summa viel\u00e4 sis\u00e4ll\u00e4 henkil\u00f6vahinkojen aiheuttamia kustannuksia. Paloturvallisuuden parantaminen palokatkojen [&hellip;]<\/p>\n","protected":false},"author":1,"featured_media":0,"parent":0,"menu_order":0,"comment_status":"closed","ping_status":"closed","template":"","meta":{"site-sidebar-layout":"no-sidebar","site-content-layout":"page-builder","ast-site-content-layout":"default","site-content-style":"default","site-sidebar-style":"default","ast-global-header-display":"","ast-banner-title-visibility":"","ast-main-header-display":"","ast-hfb-above-header-display":"","ast-hfb-below-header-display":"","ast-hfb-mobile-header-display":"","site-post-title":"disabled","ast-breadcrumbs-content":"","ast-featured-img":"disabled","footer-sml-layout":"","theme-transparent-header-meta":"default","adv-header-id-meta":"","stick-header-meta":"default","header-above-stick-meta":"","header-main-stick-meta":"","header-below-stick-meta":"","astra-migrate-meta-layouts":"default","ast-page-background-enabled":"default","ast-page-background-meta":{"desktop":{"background-color":"var(--ast-global-color-4)","background-image":"","background-repeat":"repeat","background-position":"center center","background-size":"auto","background-attachment":"scroll","background-type":"","background-media":"","overlay-type":"","overlay-color":"","overlay-opacity":"","overlay-gradient":""},"tablet":{"background-color":"","background-image":"","background-repeat":"repeat","background-position":"center center","background-size":"auto","background-attachment":"scroll","background-type":"","background-media":"","overlay-type":"","overlay-color":"","overlay-opacity":"","overlay-gradient":""},"mobile":{"background-color":"","background-image":"","background-repeat":"repeat","background-position":"center center","background-size":"auto","background-attachment":"scroll","background-type":"","background-media":"","overlay-type":"","overlay-color":"","overlay-opacity":"","overlay-gradient":""}},"ast-content-background-meta":{"desktop":{"background-color":"var(--ast-global-color-5)","background-image":"","background-repeat":"repeat","background-position":"center center","background-size":"auto","background-attachment":"scroll","background-type":"","background-media":"","overlay-type":"","overlay-color":"","overlay-opacity":"","overlay-gradient":""},"tablet":{"background-color":"var(--ast-global-color-5)","background-image":"","background-repeat":"repeat","background-position":"center center","background-size":"auto","background-attachment":"scroll","background-type":"","background-media":"","overlay-type":"","overlay-color":"","overlay-opacity":"","overlay-gradient":""},"mobile":{"background-color":"var(--ast-global-color-5)","background-image":"","background-repeat":"repeat","background-position":"center center","background-size":"auto","background-attachment":"scroll","background-type":"","background-media":"","overlay-type":"","overlay-color":"","overlay-opacity":"","overlay-gradient":""}},"footnotes":""},"class_list":["post-744","page","type-page","status-publish","hentry"],"_links":{"self":[{"href":"https:\/\/fireoff.ee\/fi\/wp-json\/wp\/v2\/pages\/744","targetHints":{"allow":["GET"]}}],"collection":[{"href":"https:\/\/fireoff.ee\/fi\/wp-json\/wp\/v2\/pages"}],"about":[{"href":"https:\/\/fireoff.ee\/fi\/wp-json\/wp\/v2\/types\/page"}],"author":[{"embeddable":true,"href":"https:\/\/fireoff.ee\/fi\/wp-json\/wp\/v2\/users\/1"}],"replies":[{"embeddable":true,"href":"https:\/\/fireoff.ee\/fi\/wp-json\/wp\/v2\/comments?post=744"}],"version-history":[{"count":3,"href":"https:\/\/fireoff.ee\/fi\/wp-json\/wp\/v2\/pages\/744\/revisions"}],"predecessor-version":[{"id":800,"href":"https:\/\/fireoff.ee\/fi\/wp-json\/wp\/v2\/pages\/744\/revisions\/800"}],"wp:attachment":[{"href":"https:\/\/fireoff.ee\/fi\/wp-json\/wp\/v2\/media?parent=744"}],"curies":[{"name":"wp","href":"https:\/\/api.w.org\/{rel}","templated":true}]}}